{"id":2634,"date":"2017-07-22T12:39:22","date_gmt":"2017-07-22T12:39:22","guid":{"rendered":"https:\/\/xenum.com\/?page_id=2634"},"modified":"2019-06-25T13:34:26","modified_gmt":"2019-06-25T13:34:26","slug":"x-sil","status":"publish","type":"page","link":"https:\/\/xenum.com\/de\/startseite\/produkte\/wartung\/schmiermittel\/x-sil\/","title":{"rendered":"X-Sil"},"content":{"rendered":"<p>Universelles Schmiermittel-Spray der Spitzenklasse auf Silikon-Basis.<\/p>\n<h2><strong>Eigenschaften<\/strong><\/h2>\n<ul>\n<li>Bildet trockenen Schutzmikrofilm auf den Oberfl\u00e4chen<\/li>\n<li>Vermeidet das Kleben der Materialien<\/li>\n<li>Verhindert Ankleben und Rutschen<\/li>\n<li>Verhindert Einfrieren<\/li>\n<li>Senkt die statische Elektrizit\u00e4t<\/li>\n<li>Verhindert Abnutzung der kontaktierenden Hart- und Weichmaterialien<\/li>\n<li>Wasserdichtigkeit<\/li>\n<li>Sch\u00fctzt vor Rost und Korrosion<\/li>\n<\/ul>\n<h2><strong>Anwendungsbereiche<\/strong><\/h2>\n<p>Das Produkt kann f\u00fcr verschiedene Werkstoffe verwendet werden: Kunststoff auf Metall, Holz, Metall auf Metall, Profil-Gummiteile, usw. Sch\u00fctzt T\u00fcre, Fenster, Schiebet\u00fcre, u.a. vor Ankleben oder Einfrieren. Gew\u00e4hrleistet eine saubere, trockene und unsichtbare Schmierung von allen Gleitfl\u00e4chen.<\/p>\n<h3><strong>\u0415rh\u00e4ltlich in<\/strong><\/h3>\n<p>500 ML \u2013 REF. 4069500<\/p>\n","protected":false},"excerpt":{"rendered":"<p>Universelles Schmiermittel-Spray der Spitzenklasse auf Silikon-Basis. Eigenschaften Bildet trockenen Schutzmikrofilm auf den Oberfl\u00e4chen Vermeidet das Kleben der Materialien Verhindert Ankleben und Rutschen Verhindert Einfrieren Senkt die statische Elektrizit\u00e4t Verhindert Abnutzung der kontaktierenden Hart- und Weichmaterialien Wasserdichtigkeit Sch\u00fctzt vor Rost und Korrosion Anwendungsbereiche Das Produkt kann f\u00fcr verschiedene Werkstoffe verwendet werden: Kunststoff auf Metall, Holz, Metall [&hellip;]<\/p>\n","protected":false},"author":1,"featured_media":9018,"parent":2387,"menu_order":0,"comment_status":"closed","ping_status":"closed","template":"product-page.php","meta":{"_acf_changed":false,"inline_featured_image":false,"footnotes":""},"class_list":["post-2634","page","type-page","status-publish","has-post-thumbnail","hentry"],"acf":[],"_links":{"self":[{"href":"https:\/\/xenum.com\/de\/wp-json\/wp\/v2\/pages\/2634","targetHints":{"allow":["GET"]}}],"collection":[{"href":"https:\/\/xenum.com\/de\/wp-json\/wp\/v2\/pages"}],"about":[{"href":"https:\/\/xenum.com\/de\/wp-json\/wp\/v2\/types\/page"}],"author":[{"embeddable":true,"href":"https:\/\/xenum.com\/de\/wp-json\/wp\/v2\/users\/1"}],"replies":[{"embeddable":true,"href":"https:\/\/xenum.com\/de\/wp-json\/wp\/v2\/comments?post=2634"}],"version-history":[{"count":5,"href":"https:\/\/xenum.com\/de\/wp-json\/wp\/v2\/pages\/2634\/revisions"}],"predecessor-version":[{"id":8651,"href":"https:\/\/xenum.com\/de\/wp-json\/wp\/v2\/pages\/2634\/revisions\/8651"}],"up":[{"embeddable":true,"href":"https:\/\/xenum.com\/de\/wp-json\/wp\/v2\/pages\/2387"}],"wp:featuredmedia":[{"embeddable":true,"href":"https:\/\/xenum.com\/de\/wp-json\/wp\/v2\/media\/9018"}],"wp:attachment":[{"href":"https:\/\/xenum.com\/de\/wp-json\/wp\/v2\/media?parent=2634"}],"curies":[{"name":"wp","href":"https:\/\/api.w.org\/{rel}","templated":true}]}}