{"id":2618,"date":"2017-07-22T12:33:56","date_gmt":"2017-07-22T12:33:56","guid":{"rendered":"https:\/\/xenum.com\/?page_id=2618"},"modified":"2019-06-25T13:31:52","modified_gmt":"2019-06-25T13:31:52","slug":"xc-lube","status":"publish","type":"page","link":"https:\/\/xenum.com\/de\/startseite\/produkte\/wartung\/schmiermittel\/xc-lube\/","title":{"rendered":"XC-Lube"},"content":{"rendered":"<p>High-Tech Mehrzweck-Produkt, das ein mit Cerflon\u00ae verst\u00e4rktes Schmiermittel enth\u00e4lt. Besitzt enorme Schmier- und Schutzeigenschaften selbst bei hochanspruchsvollen Anwendungen.<\/p>\n<h2><strong>Eigenschaften<\/strong><\/h2>\n<ul>\n<li>Schmiert und vermindert Reibung und Verschlei\u00df der beweglichen Teile<\/li>\n<li>Sorgt f\u00fcr einen hervorragenden und dauerhaften Schutz vor Oxidation und Korrosion<\/li>\n<li>Deutliches Adh\u00e4sionsverm\u00f6gen (nicht viskoelastisch)<\/li>\n<li>Beseitigt Quietschger\u00e4usche<\/li>\n<li>Verleiht Wasserdichtigkeit und verdr\u00e4ngt Feuchtigkeit<\/li>\n<li>Hochdruckbest\u00e4ndig<\/li>\n<\/ul>\n<h2><strong>Anwendungsbereiche<\/strong><\/h2>\n<p>Allzweck-Schmierung und dauerhafter Schutz von Teilen, wie: Ketten, Drahtseile, F\u00fchrungsbahnen, F\u00f6rderanlagen, Lager, Maschinen, offene Getriebe, Koppelgetriebe, Riemenscheiben, usw. Einsatzbereich: Industrie, Werkstatt, Landwirtschaft, Boote, Motorr\u00e4der, Fahrr\u00e4der u.a.<\/p>\n<h3><strong>\u0415rh\u00e4ltlich in<\/strong><\/h3>\n<p>500 ML \u2013 REF. 4014500<\/p>\n","protected":false},"excerpt":{"rendered":"<p>High-Tech Mehrzweck-Produkt, das ein mit Cerflon\u00ae verst\u00e4rktes Schmiermittel enth\u00e4lt. Besitzt enorme Schmier- und Schutzeigenschaften selbst bei hochanspruchsvollen Anwendungen. Eigenschaften Schmiert und vermindert Reibung und Verschlei\u00df der beweglichen Teile Sorgt f\u00fcr einen hervorragenden und dauerhaften Schutz vor Oxidation und Korrosion Deutliches Adh\u00e4sionsverm\u00f6gen (nicht viskoelastisch) Beseitigt Quietschger\u00e4usche Verleiht Wasserdichtigkeit und verdr\u00e4ngt Feuchtigkeit Hochdruckbest\u00e4ndig Anwendungsbereiche Allzweck-Schmierung und dauerhafter [&hellip;]<\/p>\n","protected":false},"author":1,"featured_media":9007,"parent":2387,"menu_order":0,"comment_status":"closed","ping_status":"closed","template":"product-page.php","meta":{"_acf_changed":false,"inline_featured_image":false,"footnotes":""},"class_list":["post-2618","page","type-page","status-publish","has-post-thumbnail","hentry"],"acf":[],"_links":{"self":[{"href":"https:\/\/xenum.com\/de\/wp-json\/wp\/v2\/pages\/2618","targetHints":{"allow":["GET"]}}],"collection":[{"href":"https:\/\/xenum.com\/de\/wp-json\/wp\/v2\/pages"}],"about":[{"href":"https:\/\/xenum.com\/de\/wp-json\/wp\/v2\/types\/page"}],"author":[{"embeddable":true,"href":"https:\/\/xenum.com\/de\/wp-json\/wp\/v2\/users\/1"}],"replies":[{"embeddable":true,"href":"https:\/\/xenum.com\/de\/wp-json\/wp\/v2\/comments?post=2618"}],"version-history":[{"count":5,"href":"https:\/\/xenum.com\/de\/wp-json\/wp\/v2\/pages\/2618\/revisions"}],"predecessor-version":[{"id":9012,"href":"https:\/\/xenum.com\/de\/wp-json\/wp\/v2\/pages\/2618\/revisions\/9012"}],"up":[{"embeddable":true,"href":"https:\/\/xenum.com\/de\/wp-json\/wp\/v2\/pages\/2387"}],"wp:featuredmedia":[{"embeddable":true,"href":"https:\/\/xenum.com\/de\/wp-json\/wp\/v2\/media\/9007"}],"wp:attachment":[{"href":"https:\/\/xenum.com\/de\/wp-json\/wp\/v2\/media?parent=2618"}],"curies":[{"name":"wp","href":"https:\/\/api.w.org\/{rel}","templated":true}]}}