{"id":2577,"date":"2017-07-22T12:21:30","date_gmt":"2017-07-22T12:21:30","guid":{"rendered":"https:\/\/xenum.com\/?page_id=2577"},"modified":"2019-06-21T15:43:58","modified_gmt":"2019-06-21T15:43:58","slug":"multi-cleaner-active-foam","status":"publish","type":"page","link":"https:\/\/xenum.com\/de\/startseite\/produkte\/wartung\/reiniger\/multi-cleaner-active-foam\/","title":{"rendered":"Multi Cleaner Active Foam"},"content":{"rendered":"<p>Hochwirksamer Mehrzweck-Reiniger f\u00fcr ebene Fl\u00e4chen. Der Schaum bricht den Schmutz auf und hinterl\u00e4sst eine gl\u00e4nzende, streifenfreie Oberfl\u00e4che.<\/p>\n<p><strong>Eigenschaften:<\/strong><\/p>\n<ul>\n<li>Reinigt und entfettet verschieden Oberfl\u00e4chen und Materialien<\/li>\n<li>Hinterl\u00e4sst keine R\u00fcckst\u00e4nde<\/li>\n<li>Sehr schnelltrocknend<\/li>\n<\/ul>\n<p><strong>Anwendungsbereiche:<\/strong><\/p>\n<ul>\n<li>Der Schaum reinigt hochwirksam Windschutzscheiben, Scheinwerfer und Felgen<\/li>\n<li>Reinigt alle polierten, verchromten, lackierten, emaillierten und mit Kunststoff beschichteten Oberfl\u00e4chen. Einsetzbar f\u00fcr Textil, Polster, Leder und Kunstleder.<\/li>\n<li>Entfernt Verunreinigungen, Fett und Harz, Nikotin, Schuhsohlenspuren, Insektenschmutz und tote Insekten.<\/li>\n<\/ul>\n<p><strong>\u0415rh\u00e4ltlich in:<\/strong><\/p>\n<p>500 ML \u2013 REF. 4083500<\/p>\n","protected":false},"excerpt":{"rendered":"<p>Hochwirksamer Mehrzweck-Reiniger f\u00fcr ebene Fl\u00e4chen. Der Schaum bricht den Schmutz auf und hinterl\u00e4sst eine gl\u00e4nzende, streifenfreie Oberfl\u00e4che. Eigenschaften: Reinigt und entfettet verschieden Oberfl\u00e4chen und Materialien Hinterl\u00e4sst keine R\u00fcckst\u00e4nde Sehr schnelltrocknend Anwendungsbereiche: Der Schaum reinigt hochwirksam Windschutzscheiben, Scheinwerfer und Felgen Reinigt alle polierten, verchromten, lackierten, emaillierten und mit Kunststoff beschichteten Oberfl\u00e4chen. Einsetzbar f\u00fcr Textil, Polster, Leder [&hellip;]<\/p>\n","protected":false},"author":1,"featured_media":8923,"parent":2371,"menu_order":0,"comment_status":"closed","ping_status":"closed","template":"product-page.php","meta":{"_acf_changed":false,"inline_featured_image":false,"footnotes":""},"class_list":["post-2577","page","type-page","status-publish","has-post-thumbnail","hentry"],"acf":[],"_links":{"self":[{"href":"https:\/\/xenum.com\/de\/wp-json\/wp\/v2\/pages\/2577","targetHints":{"allow":["GET"]}}],"collection":[{"href":"https:\/\/xenum.com\/de\/wp-json\/wp\/v2\/pages"}],"about":[{"href":"https:\/\/xenum.com\/de\/wp-json\/wp\/v2\/types\/page"}],"author":[{"embeddable":true,"href":"https:\/\/xenum.com\/de\/wp-json\/wp\/v2\/users\/1"}],"replies":[{"embeddable":true,"href":"https:\/\/xenum.com\/de\/wp-json\/wp\/v2\/comments?post=2577"}],"version-history":[{"count":6,"href":"https:\/\/xenum.com\/de\/wp-json\/wp\/v2\/pages\/2577\/revisions"}],"predecessor-version":[{"id":8932,"href":"https:\/\/xenum.com\/de\/wp-json\/wp\/v2\/pages\/2577\/revisions\/8932"}],"up":[{"embeddable":true,"href":"https:\/\/xenum.com\/de\/wp-json\/wp\/v2\/pages\/2371"}],"wp:featuredmedia":[{"embeddable":true,"href":"https:\/\/xenum.com\/de\/wp-json\/wp\/v2\/media\/8923"}],"wp:attachment":[{"href":"https:\/\/xenum.com\/de\/wp-json\/wp\/v2\/media?parent=2577"}],"curies":[{"name":"wp","href":"https:\/\/api.w.org\/{rel}","templated":true}]}}