{"id":2524,"date":"2017-07-22T12:09:38","date_gmt":"2017-07-22T12:09:38","guid":{"rendered":"https:\/\/xenum.com\/?page_id=2524"},"modified":"2021-08-10T10:10:51","modified_gmt":"2021-08-10T10:10:51","slug":"d-grease-cleaner","status":"publish","type":"page","link":"https:\/\/xenum.com\/de\/startseite\/produkte\/wartung\/reiniger\/d-grease-cleaner\/","title":{"rendered":"D-Grease Cleaner"},"content":{"rendered":"<p>Entfettet und reinigt alle mechanischen Teile. Entfernt \u00d6l, Fett, Bremsfl\u00fcssigkeit und harten Ablagerungen; vollkommene Reinigung und Entfettung der Bauteile von Kraftfahrzeugen. Anwendung im Industriebereich.<\/p>\n<p><strong>Eigenschaften:<\/strong><\/p>\n<ul>\n<li>Geringe Oberfl\u00e4chenspannung bei ausgezeichnetem Eindringungsverm\u00f6gen<\/li>\n<li>Kontrollierte Verdampfung ohne R\u00fcckst\u00e4nde<\/li>\n<li>L\u00f6st Harz und Teer-R\u00fcckst\u00e4nde<\/li>\n<li>Entfernt \u00d6l- und Fett-Verunreinigungen<\/li>\n<li>Enth\u00e4lt kein Chlor oder Azeton<\/li>\n<li>Greift Gummi, Nylon und Kunststoff-Teile nicht an<\/li>\n<\/ul>\n<p><strong>Anwendungsbereiche:<\/strong><\/p>\n<p>Universelle Anwendung: Trommel- und Scheibenbremsen, Bremszangen, Bremsbel\u00e4ge, Bremsschuhe, Zylinder, Federn und Einlagen, Kupplungsbel\u00e4ge, Druckplatten und Kupplungsteile.<\/p>\n<p><strong>\u0415rh\u00e4ltlich in:<\/strong><\/p>\n<p>500 ML \u2013 REF. 4021500<\/p>\n","protected":false},"excerpt":{"rendered":"<p>Entfettet und reinigt alle mechanischen Teile. Entfernt \u00d6l, Fett, Bremsfl\u00fcssigkeit und harten Ablagerungen; vollkommene Reinigung und Entfettung der Bauteile von Kraftfahrzeugen. Anwendung im Industriebereich. Eigenschaften: Geringe Oberfl\u00e4chenspannung bei ausgezeichnetem Eindringungsverm\u00f6gen Kontrollierte Verdampfung ohne R\u00fcckst\u00e4nde L\u00f6st Harz und Teer-R\u00fcckst\u00e4nde Entfernt \u00d6l- und Fett-Verunreinigungen Enth\u00e4lt kein Chlor oder Azeton Greift Gummi, Nylon und Kunststoff-Teile nicht an Anwendungsbereiche: [&hellip;]<\/p>\n","protected":false},"author":1,"featured_media":10231,"parent":2371,"menu_order":0,"comment_status":"closed","ping_status":"closed","template":"product-page.php","meta":{"_acf_changed":false,"inline_featured_image":false,"footnotes":""},"class_list":["post-2524","page","type-page","status-publish","has-post-thumbnail","hentry"],"acf":[],"_links":{"self":[{"href":"https:\/\/xenum.com\/de\/wp-json\/wp\/v2\/pages\/2524","targetHints":{"allow":["GET"]}}],"collection":[{"href":"https:\/\/xenum.com\/de\/wp-json\/wp\/v2\/pages"}],"about":[{"href":"https:\/\/xenum.com\/de\/wp-json\/wp\/v2\/types\/page"}],"author":[{"embeddable":true,"href":"https:\/\/xenum.com\/de\/wp-json\/wp\/v2\/users\/1"}],"replies":[{"embeddable":true,"href":"https:\/\/xenum.com\/de\/wp-json\/wp\/v2\/comments?post=2524"}],"version-history":[{"count":3,"href":"https:\/\/xenum.com\/de\/wp-json\/wp\/v2\/pages\/2524\/revisions"}],"predecessor-version":[{"id":8224,"href":"https:\/\/xenum.com\/de\/wp-json\/wp\/v2\/pages\/2524\/revisions\/8224"}],"up":[{"embeddable":true,"href":"https:\/\/xenum.com\/de\/wp-json\/wp\/v2\/pages\/2371"}],"wp:featuredmedia":[{"embeddable":true,"href":"https:\/\/xenum.com\/de\/wp-json\/wp\/v2\/media\/10231"}],"wp:attachment":[{"href":"https:\/\/xenum.com\/de\/wp-json\/wp\/v2\/media?parent=2524"}],"curies":[{"name":"wp","href":"https:\/\/api.w.org\/{rel}","templated":true}]}}