{"id":2325,"date":"2017-07-22T11:18:49","date_gmt":"2017-07-22T11:18:49","guid":{"rendered":"https:\/\/xenum.com\/?page_id=2325"},"modified":"2019-08-02T13:03:03","modified_gmt":"2019-08-02T13:03:03","slug":"r-flush","status":"publish","type":"page","link":"https:\/\/xenum.com\/de\/startseite\/produkte\/additive\/kuhlanlage\/r-flush\/","title":{"rendered":"R-Flush"},"content":{"rendered":"<p>Die High-Tech-Mischung aus anorganischen S\u00e4uren und Inhibitoren dient zur effektiven Entfernung von:<\/p>\n<ul>\n<li>Rost;<\/li>\n<li>Kalkbildung;<\/li>\n<li>\u00f6ligen R\u00fcckst\u00e4nden und Ablagerungen aus dem K\u00fchlkreislaufsystem des Motors.<\/li>\n<\/ul>\n<h2><strong>Eigenschaften<\/strong><\/h2>\n<ul>\n<li>Wiederherstellung des normalen K\u00fchlkreislaufs im K\u00fchlsystem<\/li>\n<li>Beseitigt \u00dcberhitzungs-Risiko<\/li>\n<li>Wiederherstellung der optimalen Funktion der Steuerelemente im K\u00fchlsystem<\/li>\n<li>Keine Demontage des K\u00fchlsystems<\/li>\n<li>Greift Gummischl\u00e4uche, Dichtungen und alle Metallteile des K\u00fchlsystems nicht an<\/li>\n<li>Sch\u00fctzt das K\u00fchlkreislaufsystem vor Verschmutzung und Verstopfung<\/li>\n<li>Sch\u00fctzt das K\u00fchlkreislaufsystem vor Korrosion und Oxidation<\/li>\n<li>Ausgezeichnete Wirkung bei allen Arten von K\u00fchlfl\u00fcssigkeiten einschlie\u00dflich OAT-K\u00fchlmitteln<\/li>\n<\/ul>\n<h2><strong>Anwendungsbereiche<\/strong><\/h2>\n<p>F\u00fcr die Wasserk\u00fchlungssysteme in allen Benzin- und Dieselmotoren empfohlen.<\/p>\n<p><strong>\u0415rh\u00e4ltlich in:<\/strong><\/p>\n<ul>\n<li>250\u00a0ML CAN - REF. 3147250<\/li>\n<li>1 L BOTTLE - REF. 3321001<\/li>\n<\/ul>\n","protected":false},"excerpt":{"rendered":"<p>Die High-Tech-Mischung aus anorganischen S\u00e4uren und Inhibitoren dient zur effektiven Entfernung von: Rost; Kalkbildung; \u00f6ligen R\u00fcckst\u00e4nden und Ablagerungen aus dem K\u00fchlkreislaufsystem des Motors. Eigenschaften Wiederherstellung des normalen K\u00fchlkreislaufs im K\u00fchlsystem Beseitigt \u00dcberhitzungs-Risiko Wiederherstellung der optimalen Funktion der Steuerelemente im K\u00fchlsystem Keine Demontage des K\u00fchlsystems Greift Gummischl\u00e4uche, Dichtungen und alle Metallteile des K\u00fchlsystems nicht an Sch\u00fctzt [&hellip;]<\/p>\n","protected":false},"author":1,"featured_media":9056,"parent":2047,"menu_order":0,"comment_status":"closed","ping_status":"closed","template":"product-page.php","meta":{"_acf_changed":false,"inline_featured_image":false,"footnotes":""},"class_list":["post-2325","page","type-page","status-publish","has-post-thumbnail","hentry"],"acf":[],"_links":{"self":[{"href":"https:\/\/xenum.com\/de\/wp-json\/wp\/v2\/pages\/2325","targetHints":{"allow":["GET"]}}],"collection":[{"href":"https:\/\/xenum.com\/de\/wp-json\/wp\/v2\/pages"}],"about":[{"href":"https:\/\/xenum.com\/de\/wp-json\/wp\/v2\/types\/page"}],"author":[{"embeddable":true,"href":"https:\/\/xenum.com\/de\/wp-json\/wp\/v2\/users\/1"}],"replies":[{"embeddable":true,"href":"https:\/\/xenum.com\/de\/wp-json\/wp\/v2\/comments?post=2325"}],"version-history":[{"count":6,"href":"https:\/\/xenum.com\/de\/wp-json\/wp\/v2\/pages\/2325\/revisions"}],"predecessor-version":[{"id":8128,"href":"https:\/\/xenum.com\/de\/wp-json\/wp\/v2\/pages\/2325\/revisions\/8128"}],"up":[{"embeddable":true,"href":"https:\/\/xenum.com\/de\/wp-json\/wp\/v2\/pages\/2047"}],"wp:featuredmedia":[{"embeddable":true,"href":"https:\/\/xenum.com\/de\/wp-json\/wp\/v2\/media\/9056"}],"wp:attachment":[{"href":"https:\/\/xenum.com\/de\/wp-json\/wp\/v2\/media?parent=2325"}],"curies":[{"name":"wp","href":"https:\/\/api.w.org\/{rel}","templated":true}]}}