{"id":2283,"date":"2017-07-22T11:09:04","date_gmt":"2017-07-22T11:09:04","guid":{"rendered":"https:\/\/xenum.com\/?page_id=2283"},"modified":"2019-08-02T13:10:09","modified_gmt":"2019-08-02T13:10:09","slug":"restop","status":"publish","type":"page","link":"https:\/\/xenum.com\/de\/startseite\/produkte\/additive\/kuhlanlage\/restop\/","title":{"rendered":"RESTOP"},"content":{"rendered":"<p>RESTOP ist ein innovatoves Triple-Action-Produkt f\u00fcr vorbeugende Instandhaltung des K\u00fchlsystems:<\/p>\n<ul>\n<li>Instandsetzung von kleinen Leckstellen<\/li>\n<li>Schmierung der Wasserpumpe<\/li>\n<li>h\u00e4lt das K\u00fchlsystem sauber und gesch\u00fctzt.<\/li>\n<\/ul>\n<h2><strong>Eigenschaften<\/strong><\/h2>\n<ul>\n<li>Einfache Bedienung ohne Demontage von Teilen<\/li>\n<li>Verbessert die Zuverl\u00e4ssigkeit des K\u00fchlsystems<\/li>\n<li>Vermeidet Verstopfung von K\u00fchlerleitungen und Temperatursensoren.<\/li>\n<li>Best\u00e4ndig gegen hohe Temperaturen, Vibrationen und Druck<\/li>\n<li>Greift Gummischl\u00e4uche, Dichtungen oder andere Teile des Systems nicht an<\/li>\n<li>Verhindert Kalkablagerungen im K\u00fchlsystem<\/li>\n<li>Sch\u00fctzt vor Korrosion und Oxidation<\/li>\n<\/ul>\n<h2><strong>Anwendungsbereiche<\/strong><\/h2>\n<p>F\u00fcr die Wasserk\u00fchlungssysteme in allen Benzin- und Dieselmotoren empfohlen. Vertr\u00e4glich mit allen Frostschutzmarken und K\u00fchlfl\u00fcssigkeiten, sowie auch OAT-K\u00fchlfl\u00fcssigkeiten (Organic Acid Technology).<\/p>\n<h3><strong>\u0415rh\u00e4ltlich in<\/strong><\/h3>\n<p>300 ML CAN \u2013 REF. 3079300<\/p>\n<p>1 L BOTTLE \u2013 REF. 3338001<\/p>\n","protected":false},"excerpt":{"rendered":"<p>RESTOP ist ein innovatoves Triple-Action-Produkt f\u00fcr vorbeugende Instandhaltung des K\u00fchlsystems: Instandsetzung von kleinen Leckstellen Schmierung der Wasserpumpe h\u00e4lt das K\u00fchlsystem sauber und gesch\u00fctzt. Eigenschaften Einfache Bedienung ohne Demontage von Teilen Verbessert die Zuverl\u00e4ssigkeit des K\u00fchlsystems Vermeidet Verstopfung von K\u00fchlerleitungen und Temperatursensoren. Best\u00e4ndig gegen hohe Temperaturen, Vibrationen und Druck Greift Gummischl\u00e4uche, Dichtungen oder andere Teile des [&hellip;]<\/p>\n","protected":false},"author":1,"featured_media":9057,"parent":2047,"menu_order":0,"comment_status":"closed","ping_status":"closed","template":"product-page.php","meta":{"_acf_changed":false,"inline_featured_image":false,"footnotes":""},"class_list":["post-2283","page","type-page","status-publish","has-post-thumbnail","hentry"],"acf":[],"_links":{"self":[{"href":"https:\/\/xenum.com\/de\/wp-json\/wp\/v2\/pages\/2283","targetHints":{"allow":["GET"]}}],"collection":[{"href":"https:\/\/xenum.com\/de\/wp-json\/wp\/v2\/pages"}],"about":[{"href":"https:\/\/xenum.com\/de\/wp-json\/wp\/v2\/types\/page"}],"author":[{"embeddable":true,"href":"https:\/\/xenum.com\/de\/wp-json\/wp\/v2\/users\/1"}],"replies":[{"embeddable":true,"href":"https:\/\/xenum.com\/de\/wp-json\/wp\/v2\/comments?post=2283"}],"version-history":[{"count":4,"href":"https:\/\/xenum.com\/de\/wp-json\/wp\/v2\/pages\/2283\/revisions"}],"predecessor-version":[{"id":8120,"href":"https:\/\/xenum.com\/de\/wp-json\/wp\/v2\/pages\/2283\/revisions\/8120"}],"up":[{"embeddable":true,"href":"https:\/\/xenum.com\/de\/wp-json\/wp\/v2\/pages\/2047"}],"wp:featuredmedia":[{"embeddable":true,"href":"https:\/\/xenum.com\/de\/wp-json\/wp\/v2\/media\/9057"}],"wp:attachment":[{"href":"https:\/\/xenum.com\/de\/wp-json\/wp\/v2\/media?parent=2283"}],"curies":[{"name":"wp","href":"https:\/\/api.w.org\/{rel}","templated":true}]}}