{"id":2215,"date":"2017-07-22T10:35:00","date_gmt":"2017-07-22T10:35:00","guid":{"rendered":"https:\/\/xenum.com\/?page_id=2215"},"modified":"2019-08-02T12:57:42","modified_gmt":"2019-08-02T12:57:42","slug":"octane-booster","status":"publish","type":"page","link":"https:\/\/xenum.com\/de\/startseite\/produkte\/additive\/kraftstoff\/benzin-verbesserungsmittel\/octane-booster\/","title":{"rendered":"Octane Booster"},"content":{"rendered":"<p>Octane Booster ist eine selbstmischende Kombination aus mit exzellenten Additiven formulierten Agenten und der Kraftstoff-Technologie. Optimiert Kraftstoffverbrennung und die allgemeine Leistungsf\u00e4higkeit der Benzinmotoren.<\/p>\n<h2><strong>Eigenschaften<\/strong><\/h2>\n<ul>\n<li>Erh\u00f6ht die Oktanzahl des Benzins um 2 \u2013 5 Punkte in Abh\u00e4ngigkeit von RON des Benzins<\/li>\n<li>Erh\u00f6hte Leistung und Dynamik des Motors<\/li>\n<li>Keine sch\u00e4dlichen Auswirkungen auf die Katalysatoren oder die Umwelt<\/li>\n<li>Reduziert und verhindert Motorklopfen<\/li>\n<li>Vermeidet mechanische Sch\u00e4den, infolge Motorklopfen<\/li>\n<li>Reduziert Ablagerungen am Kopf bei hoher Motorlast<\/li>\n<li>Kann dem verbleiten oder bleifreien Benzin zugef\u00fcgt werden<\/li>\n<li>Sparsame und einfache Anwendung (1:1000)<\/li>\n<li>Selbstmischend<\/li>\n<\/ul>\n<h2><strong>Anwendungsbereiche<\/strong><\/h2>\n<p>F\u00fcr alle Benzinmotoren mit oder ohne Turbolader geeignet, auch f\u00fcr Benzinmotoren der neusten Generation mit Direkteinspritzung der Abgasnachbehandlungssysteme. Ideal einsetzbar in \u00e4lteren Vergasermotoren.<\/p>\n<h3><strong>\u0415rh\u00e4ltlich in<\/strong><\/h3>\n<p>250 ML \u2013 REF. 3277250<\/p>\n","protected":false},"excerpt":{"rendered":"<p>Octane Booster ist eine selbstmischende Kombination aus mit exzellenten Additiven formulierten Agenten und der Kraftstoff-Technologie. Optimiert Kraftstoffverbrennung und die allgemeine Leistungsf\u00e4higkeit der Benzinmotoren. Eigenschaften Erh\u00f6ht die Oktanzahl des Benzins um 2 \u2013 5 Punkte in Abh\u00e4ngigkeit von RON des Benzins Erh\u00f6hte Leistung und Dynamik des Motors Keine sch\u00e4dlichen Auswirkungen auf die Katalysatoren oder die Umwelt [&hellip;]<\/p>\n","protected":false},"author":1,"featured_media":18202,"parent":2012,"menu_order":0,"comment_status":"closed","ping_status":"closed","template":"product-page.php","meta":{"_acf_changed":false,"inline_featured_image":false,"footnotes":""},"class_list":["post-2215","page","type-page","status-publish","has-post-thumbnail","hentry"],"acf":[],"_links":{"self":[{"href":"https:\/\/xenum.com\/de\/wp-json\/wp\/v2\/pages\/2215","targetHints":{"allow":["GET"]}}],"collection":[{"href":"https:\/\/xenum.com\/de\/wp-json\/wp\/v2\/pages"}],"about":[{"href":"https:\/\/xenum.com\/de\/wp-json\/wp\/v2\/types\/page"}],"author":[{"embeddable":true,"href":"https:\/\/xenum.com\/de\/wp-json\/wp\/v2\/users\/1"}],"replies":[{"embeddable":true,"href":"https:\/\/xenum.com\/de\/wp-json\/wp\/v2\/comments?post=2215"}],"version-history":[{"count":4,"href":"https:\/\/xenum.com\/de\/wp-json\/wp\/v2\/pages\/2215\/revisions"}],"predecessor-version":[{"id":8065,"href":"https:\/\/xenum.com\/de\/wp-json\/wp\/v2\/pages\/2215\/revisions\/8065"}],"up":[{"embeddable":true,"href":"https:\/\/xenum.com\/de\/wp-json\/wp\/v2\/pages\/2012"}],"wp:featuredmedia":[{"embeddable":true,"href":"https:\/\/xenum.com\/de\/wp-json\/wp\/v2\/media\/18202"}],"wp:attachment":[{"href":"https:\/\/xenum.com\/de\/wp-json\/wp\/v2\/media?parent=2215"}],"curies":[{"name":"wp","href":"https:\/\/api.w.org\/{rel}","templated":true}]}}