{"id":21009,"date":"2023-03-16T08:28:04","date_gmt":"2023-03-16T07:28:04","guid":{"rendered":"https:\/\/xenum.com\/?page_id=21009"},"modified":"2023-08-07T23:04:35","modified_gmt":"2023-08-07T22:04:35","slug":"airco-fix","status":"publish","type":"page","link":"https:\/\/xenum.com\/de\/startseite\/produkte\/wartung\/klimaanlage\/airco-fix\/","title":{"rendered":"AIRCO FIX"},"content":{"rendered":"\n<p>Dichtungsmittelzusatz zur Reparatur von Mikrolecks in Klimaanlagen.<\/p>\n\n\n\n<h2 class=\"wp-block-heading\" id=\"h-eigenschaften\"><strong>Eigenschaften<\/strong><\/h2>\n\n\n\n<ul class=\"wp-block-list\">\n<li>Repariert Mikrolecks in AC\/R.<\/li>\n\n\n\n<li>Funktioniert einfach und schnell<\/li>\n\n\n\n<li>Passt sich an alle Arten von Gasen an<\/li>\n<\/ul>\n\n\n\n<h2 class=\"wp-block-heading\" id=\"h-anwendung\"><strong><strong>Anwendung<\/strong><\/strong><\/h2>\n\n\n\n<p>Schalten Sie das Luftsystem ein und schlie\u00dfen Sie den Adapter an den Applikator an. Dr\u00fccken Sie den Kolben und entl\u00fcften Sie. Schlie\u00dfen Sie die Spritze an die Niederdruckseite an. Entleeren Sie die Spritze vollst\u00e4ndig und schlie\u00dfen Sie sie ab. Lassen Sie das Luftsystem 20 Minuten lang laufen, damit das Produkt vollst\u00e4ndig eindringen kann.<\/p>\n\n\n\n<h2 class=\"wp-block-heading\" id=\"h-erh-ltlich-in\"><strong>Erh\u00e4ltlich in<\/strong><\/h2>\n\n\n\n<p>Box mit Spritze (8ml)<\/p>\n\n\n\n<p>Box mit Spritze (8ml) und Adapter f\u00fcr R1234YF-Systeme<\/p>\n\n\n\n<p>Box mit Spritze (8ml) und Adapter f\u00fcr R134a-Systeme<\/p>\n\n\n\n<p>Tasche mit 6 Spritzen (8ml) und 2 Adaptern (1x R134a und 1x R1234YF)<\/p>\n","protected":false},"excerpt":{"rendered":"<p>Dichtungsmittelzusatz zur Reparatur von Mikrolecks in Klimaanlagen. Eigenschaften Anwendung Schalten Sie das Luftsystem ein und schlie\u00dfen Sie den Adapter an den Applikator an. Dr\u00fccken Sie den Kolben und entl\u00fcften Sie. Schlie\u00dfen Sie die Spritze an die Niederdruckseite an. Entleeren Sie die Spritze vollst\u00e4ndig und schlie\u00dfen Sie sie ab. Lassen Sie das Luftsystem 20 Minuten lang [&hellip;]<\/p>\n","protected":false},"author":1,"featured_media":22610,"parent":2352,"menu_order":0,"comment_status":"closed","ping_status":"closed","template":"product-page.php","meta":{"_acf_changed":false,"inline_featured_image":false,"footnotes":""},"class_list":["post-21009","page","type-page","status-publish","has-post-thumbnail","hentry"],"acf":[],"_links":{"self":[{"href":"https:\/\/xenum.com\/de\/wp-json\/wp\/v2\/pages\/21009","targetHints":{"allow":["GET"]}}],"collection":[{"href":"https:\/\/xenum.com\/de\/wp-json\/wp\/v2\/pages"}],"about":[{"href":"https:\/\/xenum.com\/de\/wp-json\/wp\/v2\/types\/page"}],"author":[{"embeddable":true,"href":"https:\/\/xenum.com\/de\/wp-json\/wp\/v2\/users\/1"}],"replies":[{"embeddable":true,"href":"https:\/\/xenum.com\/de\/wp-json\/wp\/v2\/comments?post=21009"}],"version-history":[{"count":3,"href":"https:\/\/xenum.com\/de\/wp-json\/wp\/v2\/pages\/21009\/revisions"}],"predecessor-version":[{"id":23821,"href":"https:\/\/xenum.com\/de\/wp-json\/wp\/v2\/pages\/21009\/revisions\/23821"}],"up":[{"embeddable":true,"href":"https:\/\/xenum.com\/de\/wp-json\/wp\/v2\/pages\/2352"}],"wp:featuredmedia":[{"embeddable":true,"href":"https:\/\/xenum.com\/de\/wp-json\/wp\/v2\/media\/22610"}],"wp:attachment":[{"href":"https:\/\/xenum.com\/de\/wp-json\/wp\/v2\/media?parent=21009"}],"curies":[{"name":"wp","href":"https:\/\/api.w.org\/{rel}","templated":true}]}}