{"id":1673,"date":"2017-07-20T18:00:51","date_gmt":"2017-07-20T18:00:51","guid":{"rendered":"https:\/\/xenum.com\/?page_id=1673"},"modified":"2019-08-02T13:26:07","modified_gmt":"2019-08-02T13:26:07","slug":"ultimax-diesel","status":"publish","type":"page","link":"https:\/\/xenum.com\/de\/startseite\/produkte\/additive\/kraftstoff\/diesel-reiniger\/ultimax-diesel\/","title":{"rendered":"Ultimax Diesel"},"content":{"rendered":"<p>Entwickelt speziell f\u00fcr die modernen und mit Dieselpartikelfiltern (DPF) ausgestatteten Dieselmotoren zum Zwecke:<\/p>\n<ul>\n<li>Wirkungsvolle Reinigung des Einspritzsystems<\/li>\n<li>Erh\u00f6hung der Cetanzahl<\/li>\n<li>Schonende Reinigung der Dieselpartikelfilter (DPF) und des Turbokompressors<\/li>\n<\/ul>\n<h2><strong>Eigenschaften<\/strong><\/h2>\n<ul>\n<li>H\u00f6here Kraftstoffersparnis<\/li>\n<li>Ruhigerer Motorlauf, h\u00f6here Leistungsf\u00e4higkeit<\/li>\n<li>St\u00f6rungsfreie Funktion des DPFs und des katalytischen Systems<\/li>\n<li>H\u00e4lt den Turbolader und das Abgassystem sauber<\/li>\n<li>Geringere Schadstoff- und Rauchemissionen<\/li>\n<li>Verbesserte Zuverl\u00e4ssigkeit des Motors<\/li>\n<li>Verhindert Ablagerungen im Ansaugsystem und an AGR-Ventilen.<\/li>\n<li>Sch\u00fctzt das Kraftstoffsystem vor Korrosion.<\/li>\n<li>Neutralisiert Wasser im Kraftstofftank<\/li>\n<\/ul>\n<h2><strong>Anwendungsbereiche<\/strong><\/h2>\n<p>F\u00fcr alle Dieselmotoren, auch f\u00fcr Motoren der neusten Generation mit Dieselpartikelfiltern und Katalysatoren empfohlen. Vertr\u00e4glich mit Biodiesel.<\/p>\n<h3><strong>\u0415rh\u00e4ltlich in<\/strong><\/h3>\n<p>300 ML CAN \u2013 REF. 3222350<\/p>\n","protected":false},"excerpt":{"rendered":"<p>Entwickelt speziell f\u00fcr die modernen und mit Dieselpartikelfiltern (DPF) ausgestatteten Dieselmotoren zum Zwecke: Wirkungsvolle Reinigung des Einspritzsystems Erh\u00f6hung der Cetanzahl Schonende Reinigung der Dieselpartikelfilter (DPF) und des Turbokompressors Eigenschaften H\u00f6here Kraftstoffersparnis Ruhigerer Motorlauf, h\u00f6here Leistungsf\u00e4higkeit St\u00f6rungsfreie Funktion des DPFs und des katalytischen Systems H\u00e4lt den Turbolader und das Abgassystem sauber Geringere Schadstoff- und Rauchemissionen Verbesserte [&hellip;]<\/p>\n","protected":false},"author":1,"featured_media":9061,"parent":1182,"menu_order":0,"comment_status":"closed","ping_status":"closed","template":"product-page.php","meta":{"_acf_changed":false,"inline_featured_image":false,"footnotes":""},"class_list":["post-1673","page","type-page","status-publish","has-post-thumbnail","hentry"],"acf":[],"_links":{"self":[{"href":"https:\/\/xenum.com\/de\/wp-json\/wp\/v2\/pages\/1673","targetHints":{"allow":["GET"]}}],"collection":[{"href":"https:\/\/xenum.com\/de\/wp-json\/wp\/v2\/pages"}],"about":[{"href":"https:\/\/xenum.com\/de\/wp-json\/wp\/v2\/types\/page"}],"author":[{"embeddable":true,"href":"https:\/\/xenum.com\/de\/wp-json\/wp\/v2\/users\/1"}],"replies":[{"embeddable":true,"href":"https:\/\/xenum.com\/de\/wp-json\/wp\/v2\/comments?post=1673"}],"version-history":[{"count":7,"href":"https:\/\/xenum.com\/de\/wp-json\/wp\/v2\/pages\/1673\/revisions"}],"predecessor-version":[{"id":8881,"href":"https:\/\/xenum.com\/de\/wp-json\/wp\/v2\/pages\/1673\/revisions\/8881"}],"up":[{"embeddable":true,"href":"https:\/\/xenum.com\/de\/wp-json\/wp\/v2\/pages\/1182"}],"wp:featuredmedia":[{"embeddable":true,"href":"https:\/\/xenum.com\/de\/wp-json\/wp\/v2\/media\/9061"}],"wp:attachment":[{"href":"https:\/\/xenum.com\/de\/wp-json\/wp\/v2\/media?parent=1673"}],"curies":[{"name":"wp","href":"https:\/\/api.w.org\/{rel}","templated":true}]}}