{"id":1599,"date":"2017-07-20T17:14:36","date_gmt":"2017-07-20T17:14:36","guid":{"rendered":"https:\/\/xenum.com\/?page_id=1599"},"modified":"2019-08-02T13:23:20","modified_gmt":"2019-08-02T13:23:20","slug":"t-flush","status":"publish","type":"page","link":"https:\/\/xenum.com\/de\/startseite\/produkte\/additive\/getriebe\/t-flush\/","title":{"rendered":"T-FLUSH"},"content":{"rendered":"<p>Leistungsstarkes synthetisches Reinigungsmittel zum Reinigen des \u00d6lschmiersysteme in allen Getriebearten. Reinigt wirkungsvoll die sch\u00e4dlichen Ablagerungen und h\u00e4lt das System sauber.<\/p>\n<p><strong>Eigenschaften:<\/strong><\/p>\n<ul>\n<li>Effektive und sichere Reinigung der inneren Getriebeteile<\/li>\n<li>Verringert die Getriebeger\u00e4usche<\/li>\n<li>Verhindert Verschmutzung des Frisch\u00f6ls mit \u00d6lresten<\/li>\n<li>Greift Metalle, Dichtungen und Reibungsfl\u00e4chen<\/li>\n<li>nicht an.<\/li>\n<\/ul>\n<p><strong>Anwendungsbereiche:<\/strong><\/p>\n<p>Geeignet f\u00fcr alle Automatik- und manuelle Schaltgetriebe. Einsetzbar in ATF Sp\u00fclanlagen.<\/p>\n<p><strong>\u0415rh\u00e4ltlich in:<\/strong><\/p>\n<p>300 ML \u2013 REF. 3406300<\/p>\n","protected":false},"excerpt":{"rendered":"<p>Leistungsstarkes synthetisches Reinigungsmittel zum Reinigen des \u00d6lschmiersysteme in allen Getriebearten. Reinigt wirkungsvoll die sch\u00e4dlichen Ablagerungen und h\u00e4lt das System sauber. Eigenschaften: Effektive und sichere Reinigung der inneren Getriebeteile Verringert die Getriebeger\u00e4usche Verhindert Verschmutzung des Frisch\u00f6ls mit \u00d6lresten Greift Metalle, Dichtungen und Reibungsfl\u00e4chen nicht an. Anwendungsbereiche: Geeignet f\u00fcr alle Automatik- und manuelle Schaltgetriebe. Einsetzbar in ATF [&hellip;]<\/p>\n","protected":false},"author":1,"featured_media":9060,"parent":1100,"menu_order":0,"comment_status":"closed","ping_status":"closed","template":"product-page.php","meta":{"_acf_changed":false,"inline_featured_image":false,"footnotes":""},"class_list":["post-1599","page","type-page","status-publish","has-post-thumbnail","hentry"],"acf":[],"_links":{"self":[{"href":"https:\/\/xenum.com\/de\/wp-json\/wp\/v2\/pages\/1599","targetHints":{"allow":["GET"]}}],"collection":[{"href":"https:\/\/xenum.com\/de\/wp-json\/wp\/v2\/pages"}],"about":[{"href":"https:\/\/xenum.com\/de\/wp-json\/wp\/v2\/types\/page"}],"author":[{"embeddable":true,"href":"https:\/\/xenum.com\/de\/wp-json\/wp\/v2\/users\/1"}],"replies":[{"embeddable":true,"href":"https:\/\/xenum.com\/de\/wp-json\/wp\/v2\/comments?post=1599"}],"version-history":[{"count":5,"href":"https:\/\/xenum.com\/de\/wp-json\/wp\/v2\/pages\/1599\/revisions"}],"predecessor-version":[{"id":8000,"href":"https:\/\/xenum.com\/de\/wp-json\/wp\/v2\/pages\/1599\/revisions\/8000"}],"up":[{"embeddable":true,"href":"https:\/\/xenum.com\/de\/wp-json\/wp\/v2\/pages\/1100"}],"wp:featuredmedia":[{"embeddable":true,"href":"https:\/\/xenum.com\/de\/wp-json\/wp\/v2\/media\/9060"}],"wp:attachment":[{"href":"https:\/\/xenum.com\/de\/wp-json\/wp\/v2\/media?parent=1599"}],"curies":[{"name":"wp","href":"https:\/\/api.w.org\/{rel}","templated":true}]}}