{"id":1568,"date":"2017-07-19T14:44:38","date_gmt":"2017-07-19T14:44:38","guid":{"rendered":"https:\/\/xenum.com\/?page_id=1568"},"modified":"2019-08-02T12:41:14","modified_gmt":"2019-08-02T12:41:14","slug":"mg-gear","status":"publish","type":"page","link":"https:\/\/xenum.com\/de\/startseite\/produkte\/additive\/getriebe\/mg-gear\/","title":{"rendered":"MG GEAR"},"content":{"rendered":"<p>MG GEAR wurde als Getriebe\u00f6l-Additiv der neusten Generation zur bedeutenden Verminderung von Reibung und Verschlei\u00df. Die Kombination von Carbon-Graphitpartikeln und MO-Komplex (fl\u00fcssiges Molybd\u00e4n) ergibt einen haltbaren und widerstandsf\u00e4higen Hochdruck-Schutzfilm.<\/p>\n<h2><strong>Eigenschaften<\/strong><\/h2>\n<ul>\n<li>Sanfte Umschaltung<\/li>\n<li>Verbesserte Getriebeleistung<\/li>\n<li>Leiserer Betrieb<\/li>\n<li>Bedeutende Senkung von Reibung und Verschlei\u00df<\/li>\n<li>Verl\u00e4ngerte Lebensdauer des Getriebes<\/li>\n<\/ul>\n<h2><strong>Anwendungsbereiche<\/strong><\/h2>\n<p>F\u00fcr den Einsatz in allen Handschaltgetrieben, Zusatz- und Differentialgetrieben vorgesehen. Wegen der Reibungsreduktion ist es nicht f\u00fcr die vollautomatischen Getriebe oder Getriebe mit Nasskupplungen (DSG, Powershift-Getriebe, usw.) geeignet.<\/p>\n<h2><strong>\u0415rh\u00e4ltlich in<\/strong><\/h2>\n<p>100 ML TUBE \u2013 REF. 3383100<\/p>\n","protected":false},"excerpt":{"rendered":"<p>MG GEAR wurde als Getriebe\u00f6l-Additiv der neusten Generation zur bedeutenden Verminderung von Reibung und Verschlei\u00df. Die Kombination von Carbon-Graphitpartikeln und MO-Komplex (fl\u00fcssiges Molybd\u00e4n) ergibt einen haltbaren und widerstandsf\u00e4higen Hochdruck-Schutzfilm. Eigenschaften Sanfte Umschaltung Verbesserte Getriebeleistung Leiserer Betrieb Bedeutende Senkung von Reibung und Verschlei\u00df Verl\u00e4ngerte Lebensdauer des Getriebes Anwendungsbereiche F\u00fcr den Einsatz in allen Handschaltgetrieben, Zusatz- und [&hellip;]<\/p>\n","protected":false},"author":1,"featured_media":25318,"parent":1100,"menu_order":0,"comment_status":"closed","ping_status":"closed","template":"product-page.php","meta":{"_acf_changed":false,"inline_featured_image":false,"footnotes":""},"class_list":["post-1568","page","type-page","status-publish","has-post-thumbnail","hentry"],"acf":[],"_links":{"self":[{"href":"https:\/\/xenum.com\/de\/wp-json\/wp\/v2\/pages\/1568","targetHints":{"allow":["GET"]}}],"collection":[{"href":"https:\/\/xenum.com\/de\/wp-json\/wp\/v2\/pages"}],"about":[{"href":"https:\/\/xenum.com\/de\/wp-json\/wp\/v2\/types\/page"}],"author":[{"embeddable":true,"href":"https:\/\/xenum.com\/de\/wp-json\/wp\/v2\/users\/1"}],"replies":[{"embeddable":true,"href":"https:\/\/xenum.com\/de\/wp-json\/wp\/v2\/comments?post=1568"}],"version-history":[{"count":6,"href":"https:\/\/xenum.com\/de\/wp-json\/wp\/v2\/pages\/1568\/revisions"}],"predecessor-version":[{"id":8017,"href":"https:\/\/xenum.com\/de\/wp-json\/wp\/v2\/pages\/1568\/revisions\/8017"}],"up":[{"embeddable":true,"href":"https:\/\/xenum.com\/de\/wp-json\/wp\/v2\/pages\/1100"}],"wp:featuredmedia":[{"embeddable":true,"href":"https:\/\/xenum.com\/de\/wp-json\/wp\/v2\/media\/25318"}],"wp:attachment":[{"href":"https:\/\/xenum.com\/de\/wp-json\/wp\/v2\/media?parent=1568"}],"curies":[{"name":"wp","href":"https:\/\/api.w.org\/{rel}","templated":true}]}}