{"id":1551,"date":"2017-07-19T14:31:11","date_gmt":"2017-07-19T14:31:11","guid":{"rendered":"https:\/\/xenum.com\/?page_id=1551"},"modified":"2021-10-01T08:11:06","modified_gmt":"2021-10-01T08:11:06","slug":"vrx-gear","status":"publish","type":"page","link":"https:\/\/xenum.com\/de\/startseite\/produkte\/additive\/getriebe\/vrx-gear\/","title":{"rendered":"VRX GEAR"},"content":{"rendered":"<p>VRX GEAR ist ein Getriebe\u00f6l-Additiv nach der modernsten Technologie hergestellt. Vermindert Reibung und Veschlei\u00df in Handschaltgetrieben, Zusatz- und Differentialgetrieben. Die oberfl\u00e4chenaktiven Komponenten und die im Komplex-Ester\u00f6l dispergierten Mikrokeramik-Partikel ergeben einen enorm widerstandsf\u00e4higen Hochdruck-Schutzfilm.<\/p>\n<p><strong>Eigenschaften:<\/strong><\/p>\n<ul>\n<li>Bedeutende Verminderung von Reibung und Verschlei\u00df<\/li>\n<li>Sanfte Umschaltung<\/li>\n<li>Leiserer Betrieb<\/li>\n<li>Erh\u00f6hte Kraftstoffersparnis und Leistung<\/li>\n<li>Verl\u00e4ngerte Lebensdauer des Getriebes<\/li>\n<\/ul>\n<p><strong>Anwendungsbereiche:<\/strong><\/p>\n<p>F\u00fcr den Einsatz in allen Handschaltgetrieben, Zusatz- und Differentialgetrieben vorgesehen. Wegen der Reibungsminderung ist es nicht f\u00fcr die vollautomatischen Getriebe oder Getriebe mit Nasskupplungen (DSG, Powershift-Getriebe, usw.) geeignet.<\/p>\n<p><strong>\u0415rh\u00e4ltlich in:<\/strong><\/p>\n<p>100 ML TUBE \u2013 REF. 3130100<\/p>\n<p>1 L BOTTLE \u2013 REF. 3291001<\/p>\n","protected":false},"excerpt":{"rendered":"<p>VRX GEAR ist ein Getriebe\u00f6l-Additiv nach der modernsten Technologie hergestellt. Vermindert Reibung und Veschlei\u00df in Handschaltgetrieben, Zusatz- und Differentialgetrieben. Die oberfl\u00e4chenaktiven Komponenten und die im Komplex-Ester\u00f6l dispergierten Mikrokeramik-Partikel ergeben einen enorm widerstandsf\u00e4higen Hochdruck-Schutzfilm. Eigenschaften: Bedeutende Verminderung von Reibung und Verschlei\u00df Sanfte Umschaltung Leiserer Betrieb Erh\u00f6hte Kraftstoffersparnis und Leistung Verl\u00e4ngerte Lebensdauer des Getriebes Anwendungsbereiche: F\u00fcr den [&hellip;]<\/p>\n","protected":false},"author":1,"featured_media":11294,"parent":1100,"menu_order":0,"comment_status":"closed","ping_status":"closed","template":"product-page.php","meta":{"_acf_changed":false,"inline_featured_image":false,"footnotes":""},"class_list":["post-1551","page","type-page","status-publish","has-post-thumbnail","hentry"],"acf":[],"_links":{"self":[{"href":"https:\/\/xenum.com\/de\/wp-json\/wp\/v2\/pages\/1551","targetHints":{"allow":["GET"]}}],"collection":[{"href":"https:\/\/xenum.com\/de\/wp-json\/wp\/v2\/pages"}],"about":[{"href":"https:\/\/xenum.com\/de\/wp-json\/wp\/v2\/types\/page"}],"author":[{"embeddable":true,"href":"https:\/\/xenum.com\/de\/wp-json\/wp\/v2\/users\/1"}],"replies":[{"embeddable":true,"href":"https:\/\/xenum.com\/de\/wp-json\/wp\/v2\/comments?post=1551"}],"version-history":[{"count":7,"href":"https:\/\/xenum.com\/de\/wp-json\/wp\/v2\/pages\/1551\/revisions"}],"predecessor-version":[{"id":11298,"href":"https:\/\/xenum.com\/de\/wp-json\/wp\/v2\/pages\/1551\/revisions\/11298"}],"up":[{"embeddable":true,"href":"https:\/\/xenum.com\/de\/wp-json\/wp\/v2\/pages\/1100"}],"wp:featuredmedia":[{"embeddable":true,"href":"https:\/\/xenum.com\/de\/wp-json\/wp\/v2\/media\/11294"}],"wp:attachment":[{"href":"https:\/\/xenum.com\/de\/wp-json\/wp\/v2\/media?parent=1551"}],"curies":[{"name":"wp","href":"https:\/\/api.w.org\/{rel}","templated":true}]}}