{"id":1535,"date":"2017-07-19T14:23:05","date_gmt":"2017-07-19T14:23:05","guid":{"rendered":"https:\/\/xenum.com\/?page_id=1535"},"modified":"2019-01-17T09:12:44","modified_gmt":"2019-01-17T09:12:44","slug":"xp-100","status":"publish","type":"page","link":"https:\/\/xenum.com\/de\/startseite\/produkte\/additive\/hydraulikanlage\/xp-100\/","title":{"rendered":"XP 100"},"content":{"rendered":"<p>XP 100 ist ein synthetischer Servolenkungsfl\u00fcssigkeit-Booster. Die Synergie zwischen der einzigartigen synthetischen Ester-Komplex-Fl\u00fcssigkeit und den High-Tech-Additiven verbessert die Wirksamkeit, sowie die thermische und Oxidationsstabilit\u00e4t der Hydraulikfl\u00fcssigkeit.<\/p>\n<h2><strong>Eigenschaften<\/strong><\/h2>\n<ul>\n<li>Beseitigt die Steifigkeit der Lenkung<\/li>\n<li>Reduziert erheblich Reibung und Verschlei\u00df an allen inneren Teilen.<\/li>\n<li>Vermindert Vibrationen und Ger\u00e4usche<\/li>\n<li>Verhindert Leckagen dank der optimalen Dichte.<\/li>\n<li>Sch\u00fctzt \u00d6l vor Oxidation und h\u00e4lt die Servolenkung innerlich sauber.<\/li>\n<li>Vermeidet \u00dcberhitzung<\/li>\n<\/ul>\n<h2><strong>Anwendungsbereiche<\/strong><\/h2>\n<ul>\n<li>Vertr\u00e4glich mit allen von OEM-Herstellern empfohlenen Servolenkungsfl\u00fcssigkeiten.<\/li>\n<li>Geeignet f\u00fcr PKW, Vans, Lastkraftwagen mit einem hydraulischen Servolenkungssystem.<\/li>\n<\/ul>\n<h3><strong>\u0415rh\u00e4ltlich in<\/strong><\/h3>\n<p>100 ML \u2013 REF. 3246100<\/p>\n","protected":false},"excerpt":{"rendered":"<p>XP 100 ist ein synthetischer Servolenkungsfl\u00fcssigkeit-Booster. Die Synergie zwischen der einzigartigen synthetischen Ester-Komplex-Fl\u00fcssigkeit und den High-Tech-Additiven verbessert die Wirksamkeit, sowie die thermische und Oxidationsstabilit\u00e4t der Hydraulikfl\u00fcssigkeit. Eigenschaften Beseitigt die Steifigkeit der Lenkung Reduziert erheblich Reibung und Verschlei\u00df an allen inneren Teilen. Vermindert Vibrationen und Ger\u00e4usche Verhindert Leckagen dank der optimalen Dichte. Sch\u00fctzt \u00d6l vor Oxidation [&hellip;]<\/p>\n","protected":false},"author":1,"featured_media":247,"parent":1064,"menu_order":0,"comment_status":"closed","ping_status":"closed","template":"product-page.php","meta":{"_acf_changed":false,"inline_featured_image":false,"footnotes":""},"class_list":["post-1535","page","type-page","status-publish","has-post-thumbnail","hentry"],"acf":[],"_links":{"self":[{"href":"https:\/\/xenum.com\/de\/wp-json\/wp\/v2\/pages\/1535","targetHints":{"allow":["GET"]}}],"collection":[{"href":"https:\/\/xenum.com\/de\/wp-json\/wp\/v2\/pages"}],"about":[{"href":"https:\/\/xenum.com\/de\/wp-json\/wp\/v2\/types\/page"}],"author":[{"embeddable":true,"href":"https:\/\/xenum.com\/de\/wp-json\/wp\/v2\/users\/1"}],"replies":[{"embeddable":true,"href":"https:\/\/xenum.com\/de\/wp-json\/wp\/v2\/comments?post=1535"}],"version-history":[{"count":5,"href":"https:\/\/xenum.com\/de\/wp-json\/wp\/v2\/pages\/1535\/revisions"}],"predecessor-version":[{"id":8033,"href":"https:\/\/xenum.com\/de\/wp-json\/wp\/v2\/pages\/1535\/revisions\/8033"}],"up":[{"embeddable":true,"href":"https:\/\/xenum.com\/de\/wp-json\/wp\/v2\/pages\/1064"}],"wp:featuredmedia":[{"embeddable":true,"href":"https:\/\/xenum.com\/de\/wp-json\/wp\/v2\/media\/247"}],"wp:attachment":[{"href":"https:\/\/xenum.com\/de\/wp-json\/wp\/v2\/media?parent=1535"}],"curies":[{"name":"wp","href":"https:\/\/api.w.org\/{rel}","templated":true}]}}