{"id":1503,"date":"2017-07-19T13:36:25","date_gmt":"2017-07-19T13:36:25","guid":{"rendered":"https:\/\/xenum.com\/?page_id=1503"},"modified":"2019-08-02T13:20:52","modified_gmt":"2019-08-02T13:20:52","slug":"super-seal","status":"publish","type":"page","link":"https:\/\/xenum.com\/de\/startseite\/produkte\/additive\/motorenol\/super-seal\/","title":{"rendered":"Super Seal"},"content":{"rendered":"<p>Beseitigt \u00d6lverlust an Motoren, Getriebekasten und Hydraulikanlagen. Die moderne Rezeptur des Additivs enth\u00e4lt keine L\u00f6sungsmittel, die den Motoren\u00f6l-Schmierfilm zerst\u00f6ren k\u00f6nnen. Besteht aus wirksamen synthetischen Komponenten, die Kunststoff- und Gummidichtungen regenerieren.<\/p>\n<h2><strong>Eigenschaften<\/strong><\/h2>\n<ul>\n<li>Repariert und verhindert Lecks an Elastomer-Dichtungen<\/li>\n<li>Senkt \u00d6lverbrauch<\/li>\n<li>Verhindert die Entwicklung von blauen, ru\u00dfenden Abgasen<\/li>\n<li>Stoppt Umweltverschmutzung durch \u00d6ltropfen aus dem Motor oder Getriebekasten<\/li>\n<li>Verbessert die Eigenschaften der Motoren\u00f6le durch Zugabe von Esterkomponenten h\u00f6chster Qualit\u00e4t<\/li>\n<\/ul>\n<h2><strong>Anwendungsbereiche<\/strong><\/h2>\n<p>F\u00fcr Benzin- und Dieselmotoren, sowie Getriebekasten und Hydraulikanlagen empfohlen. Geeignet f\u00fcr Anwendung in Mineral\u00f6len, teilsynthetischen und vollsynthetischen \u00d6len (mit Ausnahme von Bremsfl\u00fcssigkeiten).<\/p>\n<h3><strong>\u0415rh\u00e4ltlich in<\/strong><\/h3>\n<ul>\n<li>350 ML CAN - REF. 3086350<\/li>\n<li>1 L BOTTLE - REF. 3314001<\/li>\n<\/ul>\n","protected":false},"excerpt":{"rendered":"<p>Beseitigt \u00d6lverlust an Motoren, Getriebekasten und Hydraulikanlagen. Die moderne Rezeptur des Additivs enth\u00e4lt keine L\u00f6sungsmittel, die den Motoren\u00f6l-Schmierfilm zerst\u00f6ren k\u00f6nnen. Besteht aus wirksamen synthetischen Komponenten, die Kunststoff- und Gummidichtungen regenerieren. Eigenschaften Repariert und verhindert Lecks an Elastomer-Dichtungen Senkt \u00d6lverbrauch Verhindert die Entwicklung von blauen, ru\u00dfenden Abgasen Stoppt Umweltverschmutzung durch \u00d6ltropfen aus dem Motor oder Getriebekasten [&hellip;]<\/p>\n","protected":false},"author":1,"featured_media":9059,"parent":897,"menu_order":0,"comment_status":"closed","ping_status":"closed","template":"product-page.php","meta":{"_acf_changed":false,"inline_featured_image":false,"footnotes":""},"class_list":["post-1503","page","type-page","status-publish","has-post-thumbnail","hentry"],"acf":[],"_links":{"self":[{"href":"https:\/\/xenum.com\/de\/wp-json\/wp\/v2\/pages\/1503","targetHints":{"allow":["GET"]}}],"collection":[{"href":"https:\/\/xenum.com\/de\/wp-json\/wp\/v2\/pages"}],"about":[{"href":"https:\/\/xenum.com\/de\/wp-json\/wp\/v2\/types\/page"}],"author":[{"embeddable":true,"href":"https:\/\/xenum.com\/de\/wp-json\/wp\/v2\/users\/1"}],"replies":[{"embeddable":true,"href":"https:\/\/xenum.com\/de\/wp-json\/wp\/v2\/comments?post=1503"}],"version-history":[{"count":5,"href":"https:\/\/xenum.com\/de\/wp-json\/wp\/v2\/pages\/1503\/revisions"}],"predecessor-version":[{"id":7990,"href":"https:\/\/xenum.com\/de\/wp-json\/wp\/v2\/pages\/1503\/revisions\/7990"}],"up":[{"embeddable":true,"href":"https:\/\/xenum.com\/de\/wp-json\/wp\/v2\/pages\/897"}],"wp:featuredmedia":[{"embeddable":true,"href":"https:\/\/xenum.com\/de\/wp-json\/wp\/v2\/media\/9059"}],"wp:attachment":[{"href":"https:\/\/xenum.com\/de\/wp-json\/wp\/v2\/media?parent=1503"}],"curies":[{"name":"wp","href":"https:\/\/api.w.org\/{rel}","templated":true}]}}