{"id":1459,"date":"2017-07-19T11:47:07","date_gmt":"2017-07-19T11:47:07","guid":{"rendered":"https:\/\/xenum.com\/?page_id=1459"},"modified":"2019-08-02T13:17:53","modified_gmt":"2019-08-02T13:17:53","slug":"super-g","status":"publish","type":"page","link":"https:\/\/xenum.com\/de\/startseite\/produkte\/additive\/motorenol\/super-g\/","title":{"rendered":"Super G"},"content":{"rendered":"<p>Die Super-G-Technologie ist eine Trinergetic-Kombination aus leistungsstarken Schmierstoffen: Mo-Komplex (fl\u00fcssiges Molybd\u00e4n), Carbon Graphite und Komplex-Ester-\u00d6len. Sie bilden einen sehr starken Schmierfilm im Inneren des Motors. Der Film sorgt f\u00fcr die erhebliche Verminderung des Reibungskoeffizienten und reduziert den Verschlei\u00df.<\/p>\n<h2><strong>Eigenschaften<\/strong><\/h2>\n<ul>\n<li>Optimale Motorleistung<\/li>\n<li>Erh\u00f6hte Kraftstoffersparnis<\/li>\n<li>Ruhigerer Motorlauf<\/li>\n<li>Geringerer \u00d6lverbrauch<\/li>\n<li>Vertr\u00e4glich mit allen Arten von Motor\u00f6len<\/li>\n<li>LOW SAPS Technologie<\/li>\n<\/ul>\n<h2><strong>Anwendungsbereiche<\/strong><\/h2>\n<ul>\n<li>Super-G wird f\u00fcr alle Benzin- und Dieselmotoren empfohlen.<\/li>\n<li>Geeignet f\u00fcr Einsatz in PKW, Lastkraftwagen, Motorr\u00e4dern und Booten, sowie auch in Industriemotoren.<\/li>\n<\/ul>\n<h3><strong>\u0415rh\u00e4ltlich in<\/strong><\/h3>\n<ul>\n<li>300 ML CAN - REF. 3116301<\/li>\n<li>1 L BOTTLE - REF. 3352001<\/li>\n<\/ul>\n","protected":false},"excerpt":{"rendered":"<p>Die Super-G-Technologie ist eine Trinergetic-Kombination aus leistungsstarken Schmierstoffen: Mo-Komplex (fl\u00fcssiges Molybd\u00e4n), Carbon Graphite und Komplex-Ester-\u00d6len. Sie bilden einen sehr starken Schmierfilm im Inneren des Motors. Der Film sorgt f\u00fcr die erhebliche Verminderung des Reibungskoeffizienten und reduziert den Verschlei\u00df. Eigenschaften Optimale Motorleistung Erh\u00f6hte Kraftstoffersparnis Ruhigerer Motorlauf Geringerer \u00d6lverbrauch Vertr\u00e4glich mit allen Arten von Motor\u00f6len LOW SAPS [&hellip;]<\/p>\n","protected":false},"author":1,"featured_media":9058,"parent":897,"menu_order":0,"comment_status":"closed","ping_status":"closed","template":"product-page.php","meta":{"_acf_changed":false,"inline_featured_image":false,"footnotes":""},"class_list":["post-1459","page","type-page","status-publish","has-post-thumbnail","hentry"],"acf":[],"_links":{"self":[{"href":"https:\/\/xenum.com\/de\/wp-json\/wp\/v2\/pages\/1459","targetHints":{"allow":["GET"]}}],"collection":[{"href":"https:\/\/xenum.com\/de\/wp-json\/wp\/v2\/pages"}],"about":[{"href":"https:\/\/xenum.com\/de\/wp-json\/wp\/v2\/types\/page"}],"author":[{"embeddable":true,"href":"https:\/\/xenum.com\/de\/wp-json\/wp\/v2\/users\/1"}],"replies":[{"embeddable":true,"href":"https:\/\/xenum.com\/de\/wp-json\/wp\/v2\/comments?post=1459"}],"version-history":[{"count":5,"href":"https:\/\/xenum.com\/de\/wp-json\/wp\/v2\/pages\/1459\/revisions"}],"predecessor-version":[{"id":8275,"href":"https:\/\/xenum.com\/de\/wp-json\/wp\/v2\/pages\/1459\/revisions\/8275"}],"up":[{"embeddable":true,"href":"https:\/\/xenum.com\/de\/wp-json\/wp\/v2\/pages\/897"}],"wp:featuredmedia":[{"embeddable":true,"href":"https:\/\/xenum.com\/de\/wp-json\/wp\/v2\/media\/9058"}],"wp:attachment":[{"href":"https:\/\/xenum.com\/de\/wp-json\/wp\/v2\/media?parent=1459"}],"curies":[{"name":"wp","href":"https:\/\/api.w.org\/{rel}","templated":true}]}}