{"id":1431,"date":"2017-07-19T11:04:55","date_gmt":"2017-07-19T11:04:55","guid":{"rendered":"https:\/\/xenum.com\/?page_id=1431"},"modified":"2020-01-07T19:32:52","modified_gmt":"2020-01-07T19:32:52","slug":"vrx-500","status":"publish","type":"page","link":"https:\/\/xenum.com\/de\/startseite\/produkte\/additive\/motorenol\/vrx-500\/","title":{"rendered":"VRX 500"},"content":{"rendered":"<p>VRX500 (fr\u00fcher VX 500) ist ein innovatives Motoren\u00f6l-Additiv, ein chemischer Wirkstoff der neuesten Technologie, der bessere Schmierung und Motorleistung verleiht. VRX 500 \u00fcbertrifft die herk\u00f6mmlichen Motoren\u00f6le durch die moderne Technologie, die die Synergie zweier Komponenten verbindet:<\/p>\n<ul>\n<li>Mikro-Keramik-Partikeln: die mikrokeramischen Partikeln sind sehr wirksame Festschmierstoffe, die den Reibungskoeffizient vermindern und den h\u00f6chsten Temperaturen widerstehen. Wegen ihrer Nanogr\u00f6\u00dfe sind diese Partikeln absolut schonend f\u00fcr die \u00d6lfilter.<\/li>\n<li>Polarisiertes synthetisches Ester\u00f6l: mikrokeramische Partikel sind in einem ganz speziellen synthetischen Ester\u00f6l gel\u00f6st.<\/li>\n<\/ul>\n<p>Diese Komponenten bilden einen extrem widerstandsf\u00e4higen Schmierfilm, der Verschlei\u00df und Reibung wesentlich vermindert. Der Schutzfilm bleibt auf den inneren Teilen des Motors erhalten, sichert optimalen Schutz bei Kaltstart und verl\u00e4ngert die Lebensdauer des Motors.<\/p>\n<h2><strong>Eigenschaften<\/strong><\/h2>\n<ul>\n<li>Erh\u00f6hte Motorleistung<\/li>\n<li>Optimierte Zuverl\u00e4ssigkeit des Motors<\/li>\n<li>H\u00f6here Kraftstoffersparnis<\/li>\n<li>Leisere Motorger\u00e4usche<\/li>\n<li>Geringerer \u00d6lverbrauch<\/li>\n<li>Vertr\u00e4glich mit allen Motor\u00f6len<\/li>\n<li>Verminderte CO2 Emissionen<\/li>\n<li>ZERO SAPS-Technologie: sch\u00fctzt Dieselpartikelfilter(DPF).<\/li>\n<\/ul>\n<h2><strong>Anwendungsbereiche<\/strong><\/h2>\n<p>VRX500 wird f\u00fcr alle Benzin- und Dieselmotoren empfohlen. Geeignet f\u00fcr Einsatz in PKW, Lastkraftwagen, Motorr\u00e4dern und Booten, sowie in Industriemotoren.<\/p>\n<h3><strong>\u0415rh\u00e4ltlich in<\/strong><\/h3>\n<ul>\n<li>375 ML CAN - REF. 3017351<\/li>\n<li>1 L BOTTLE - REF. 3284001<\/li>\n<\/ul>\n","protected":false},"excerpt":{"rendered":"<p>VRX500 (fr\u00fcher VX 500) ist ein innovatives Motoren\u00f6l-Additiv, ein chemischer Wirkstoff der neuesten Technologie, der bessere Schmierung und Motorleistung verleiht. VRX 500 \u00fcbertrifft die herk\u00f6mmlichen Motoren\u00f6le durch die moderne Technologie, die die Synergie zweier Komponenten verbindet: Mikro-Keramik-Partikeln: die mikrokeramischen Partikeln sind sehr wirksame Festschmierstoffe, die den Reibungskoeffizient vermindern und den h\u00f6chsten Temperaturen widerstehen. Wegen ihrer [&hellip;]<\/p>\n","protected":false},"author":1,"featured_media":3474,"parent":897,"menu_order":0,"comment_status":"closed","ping_status":"closed","template":"product-page.php","meta":{"_acf_changed":false,"inline_featured_image":false,"footnotes":""},"class_list":["post-1431","page","type-page","status-publish","has-post-thumbnail","hentry"],"acf":[],"_links":{"self":[{"href":"https:\/\/xenum.com\/de\/wp-json\/wp\/v2\/pages\/1431","targetHints":{"allow":["GET"]}}],"collection":[{"href":"https:\/\/xenum.com\/de\/wp-json\/wp\/v2\/pages"}],"about":[{"href":"https:\/\/xenum.com\/de\/wp-json\/wp\/v2\/types\/page"}],"author":[{"embeddable":true,"href":"https:\/\/xenum.com\/de\/wp-json\/wp\/v2\/users\/1"}],"replies":[{"embeddable":true,"href":"https:\/\/xenum.com\/de\/wp-json\/wp\/v2\/comments?post=1431"}],"version-history":[{"count":8,"href":"https:\/\/xenum.com\/de\/wp-json\/wp\/v2\/pages\/1431\/revisions"}],"predecessor-version":[{"id":9207,"href":"https:\/\/xenum.com\/de\/wp-json\/wp\/v2\/pages\/1431\/revisions\/9207"}],"up":[{"embeddable":true,"href":"https:\/\/xenum.com\/de\/wp-json\/wp\/v2\/pages\/897"}],"wp:featuredmedia":[{"embeddable":true,"href":"https:\/\/xenum.com\/de\/wp-json\/wp\/v2\/media\/3474"}],"wp:attachment":[{"href":"https:\/\/xenum.com\/de\/wp-json\/wp\/v2\/media?parent=1431"}],"curies":[{"name":"wp","href":"https:\/\/api.w.org\/{rel}","templated":true}]}}