{"id":1247,"date":"2017-07-18T22:42:29","date_gmt":"2017-07-18T22:42:29","guid":{"rendered":"https:\/\/xenum.com\/?page_id=1247"},"modified":"2023-04-18T09:24:32","modified_gmt":"2023-04-18T08:24:32","slug":"runner-10w40","status":"publish","type":"page","link":"https:\/\/xenum.com\/de\/startseite\/produkte\/ole\/motor\/regulares-ol\/runner-10w40\/","title":{"rendered":"RUNNER 10W40"},"content":{"rendered":"<p>Das fortschrittliche synthetische Motoren\u00f6l wurde speziell zum Schutz der kritischen Motorteile von Fahrzeugen mit hoher Laufleistung (mehr als 120.000 km) entwickelt. Enth\u00e4lt spezielle Grund\u00f6le mit speziellen Dichtungsagenten und Additiven, die die Lebensdauer des Motors verl\u00e4ngern, Schlammbildung reduzieren und Ablagerungen im Motor verhindern. Die Anwendung von speziellen Dichtungskonditioneren unterst\u00fctzt die Vermeidung von \u00d6lleckagen bei \u00e4lteren Motoren und die Senkung des \u00d6lverbrauchs. Dieses Motoren\u00f6l kann die Alterung und den Schutz des Motors positiv beeinflussen.<\/p>\n<h2><strong>Eigenschaften<\/strong><\/h2>\n<ul>\n<li>Verlangsamt den Alterungsprozess des Motors<\/li>\n<li>Verbesserter Verschlei\u00dfschutz<\/li>\n<li>Bessere Oxidatiosbest\u00e4ndigkeit<\/li>\n<li>Sehr gute Reinigungseigenschaften<\/li>\n<li>Sichert sehr gutes Kaltstartverhalten<\/li>\n<li>Reduzierter \u00d6lverbrauch<\/li>\n<li>Verbesserter Dichtungszustand und vermeidet \u00d6lleckagen<\/li>\n<\/ul>\n<h3><strong>SPEZIFIKATIONEN<\/strong><\/h3>\n<ul>\n<li>ACEA: A3\/B3<\/li>\n<\/ul>\n<h3><strong>VERPACKUNG<\/strong><\/h3>\n<p>12X1L, 4X4L, 4X5L, 20L, 60L, 208L<\/p>\n","protected":false},"excerpt":{"rendered":"<p>Das fortschrittliche synthetische Motoren\u00f6l wurde speziell zum Schutz der kritischen Motorteile von Fahrzeugen mit hoher Laufleistung (mehr als 120.000 km) entwickelt. Enth\u00e4lt spezielle Grund\u00f6le mit speziellen Dichtungsagenten und Additiven, die die Lebensdauer des Motors verl\u00e4ngern, Schlammbildung reduzieren und Ablagerungen im Motor verhindern. Die Anwendung von speziellen Dichtungskonditioneren unterst\u00fctzt die Vermeidung von \u00d6lleckagen bei \u00e4lteren Motoren [&hellip;]<\/p>\n","protected":false},"author":1,"featured_media":10233,"parent":618,"menu_order":14,"comment_status":"closed","ping_status":"closed","template":"product-page.php","meta":{"_acf_changed":false,"inline_featured_image":false,"footnotes":""},"class_list":["post-1247","page","type-page","status-publish","has-post-thumbnail","hentry"],"acf":[],"_links":{"self":[{"href":"https:\/\/xenum.com\/de\/wp-json\/wp\/v2\/pages\/1247","targetHints":{"allow":["GET"]}}],"collection":[{"href":"https:\/\/xenum.com\/de\/wp-json\/wp\/v2\/pages"}],"about":[{"href":"https:\/\/xenum.com\/de\/wp-json\/wp\/v2\/types\/page"}],"author":[{"embeddable":true,"href":"https:\/\/xenum.com\/de\/wp-json\/wp\/v2\/users\/1"}],"replies":[{"embeddable":true,"href":"https:\/\/xenum.com\/de\/wp-json\/wp\/v2\/comments?post=1247"}],"version-history":[{"count":6,"href":"https:\/\/xenum.com\/de\/wp-json\/wp\/v2\/pages\/1247\/revisions"}],"predecessor-version":[{"id":21400,"href":"https:\/\/xenum.com\/de\/wp-json\/wp\/v2\/pages\/1247\/revisions\/21400"}],"up":[{"embeddable":true,"href":"https:\/\/xenum.com\/de\/wp-json\/wp\/v2\/pages\/618"}],"wp:featuredmedia":[{"embeddable":true,"href":"https:\/\/xenum.com\/de\/wp-json\/wp\/v2\/media\/10233"}],"wp:attachment":[{"href":"https:\/\/xenum.com\/de\/wp-json\/wp\/v2\/media?parent=1247"}],"curies":[{"name":"wp","href":"https:\/\/api.w.org\/{rel}","templated":true}]}}