{"id":11114,"date":"2021-09-17T08:37:32","date_gmt":"2021-09-17T08:37:32","guid":{"rendered":"https:\/\/xenum.com\/?page_id=11114"},"modified":"2021-09-17T08:37:32","modified_gmt":"2021-09-17T08:37:32","slug":"electronics-pro","status":"publish","type":"page","link":"https:\/\/xenum.com\/de\/startseite\/produkte\/wartung\/andere\/electronics-pro\/","title":{"rendered":"Electronics pro"},"content":{"rendered":"<h3>BESCHREIBUNG<\/h3>\n<p>Electronics pro reinigt, sch\u00fctzt, konserviert, schmiert, verdr\u00e4ngt Feuchtigkeit und verhindert Korrosion. Dieses Spray bildet au\u00dferdem eine Schutzschicht.<\/p>\n<h3>GRUNDLEGENDE VORTEILE<\/h3>\n<ul>\n<li>Alkalisch.<\/li>\n<li>Entfernt Wasser von Kabeln und Anschl\u00fcssen.<\/li>\n<li>Bildet einen Schutzfilm.<\/li>\n<\/ul>\n<h3>ANWENDUNGEN<\/h3>\n<p>Electronics pro ist speziell f\u00fcr die Elektronikindustrie formuliert. Reinigt und konserviert elektrische Anschl\u00fcsse und Metallteile. Es verdr\u00e4ngt Feuchtigkeit und bietet Schutz vor Korrosion.<\/p>\n<h3>VERPACKUNG<\/h3>\n<p>12x400ml: Ref. 4304400<\/p>\n","protected":false},"excerpt":{"rendered":"<p>BESCHREIBUNG Electronics pro reinigt, sch\u00fctzt, konserviert, schmiert, verdr\u00e4ngt Feuchtigkeit und verhindert Korrosion. Dieses Spray bildet au\u00dferdem eine Schutzschicht. GRUNDLEGENDE VORTEILE Alkalisch. Entfernt Wasser von Kabeln und Anschl\u00fcssen. Bildet einen Schutzfilm. ANWENDUNGEN Electronics pro ist speziell f\u00fcr die Elektronikindustrie formuliert. Reinigt und konserviert elektrische Anschl\u00fcsse und Metallteile. Es verdr\u00e4ngt Feuchtigkeit und bietet Schutz vor Korrosion. VERPACKUNG [&hellip;]<\/p>\n","protected":false},"author":1,"featured_media":11110,"parent":2418,"menu_order":0,"comment_status":"closed","ping_status":"closed","template":"product-page.php","meta":{"_acf_changed":false,"inline_featured_image":false,"footnotes":""},"class_list":["post-11114","page","type-page","status-publish","has-post-thumbnail","hentry"],"acf":[],"_links":{"self":[{"href":"https:\/\/xenum.com\/de\/wp-json\/wp\/v2\/pages\/11114","targetHints":{"allow":["GET"]}}],"collection":[{"href":"https:\/\/xenum.com\/de\/wp-json\/wp\/v2\/pages"}],"about":[{"href":"https:\/\/xenum.com\/de\/wp-json\/wp\/v2\/types\/page"}],"author":[{"embeddable":true,"href":"https:\/\/xenum.com\/de\/wp-json\/wp\/v2\/users\/1"}],"replies":[{"embeddable":true,"href":"https:\/\/xenum.com\/de\/wp-json\/wp\/v2\/comments?post=11114"}],"version-history":[{"count":1,"href":"https:\/\/xenum.com\/de\/wp-json\/wp\/v2\/pages\/11114\/revisions"}],"predecessor-version":[{"id":11115,"href":"https:\/\/xenum.com\/de\/wp-json\/wp\/v2\/pages\/11114\/revisions\/11115"}],"up":[{"embeddable":true,"href":"https:\/\/xenum.com\/de\/wp-json\/wp\/v2\/pages\/2418"}],"wp:featuredmedia":[{"embeddable":true,"href":"https:\/\/xenum.com\/de\/wp-json\/wp\/v2\/media\/11110"}],"wp:attachment":[{"href":"https:\/\/xenum.com\/de\/wp-json\/wp\/v2\/media?parent=11114"}],"curies":[{"name":"wp","href":"https:\/\/api.w.org\/{rel}","templated":true}]}}