{"id":11006,"date":"2021-09-10T09:14:41","date_gmt":"2021-09-10T09:14:41","guid":{"rendered":"https:\/\/xenum.com\/?page_id=11006"},"modified":"2023-10-03T09:28:18","modified_gmt":"2023-10-03T08:28:18","slug":"diesel-power-20w50-e7","status":"publish","type":"page","link":"https:\/\/xenum.com\/de\/startseite\/produkte\/ole\/heavy-duty\/diesel-power-20w50-e7\/","title":{"rendered":"DIESEL POWER 20W50 E7"},"content":{"rendered":"<h2>BESCHREIBUNG<\/h2>\n<p>Dieses moderne, universell einsetzbare Motoren\u00f6l wird mit hochwertigen solventraffinierten Grund\u00f6len und einer ausgewogenen Auswahl an Additiven hergestellt.<\/p>\n<h2>EIGENSCHAFTEN<\/h2>\n<ul>\n<li>Sehr gute Waschkraft verhindert Ablagerungen im Motor<\/li>\n<li>Sehr gute Dispersion, die Ausf\u00e4llungen und Schlamm verhindert<\/li>\n<li>Starke Wirkung gegen Korrosion und Schaumbildung<\/li>\n<li>Hoher und stabiler Viskosit\u00e4tsindex<\/li>\n<li>Niedriger Gehalt an Sulfatasche<\/li>\n<li>Starke Wirkung gegen Verschlei\u00df, was zu einem stark reduzierten Verschlei\u00df von Kolbenringen und Zylinderlaufbuchsen f\u00fchrt<\/li>\n<\/ul>\n<h2>ANWENDUNG<\/h2>\n<p>Dieses Universal-Motoren\u00f6l eignet sich f\u00fcr die Schmierung von Benzin- und Dieselmotoren, mit oder ohne Turboaufladung, unter schweren Betriebsbedingungen und ganzj\u00e4hrig. Dieses \u00d6l ist hervorragend f\u00fcr gemischte Fuhrparks geeignet und kann z.B. in Euro 3 und Euro 4 Motoren eingesetzt werden. Aufgrund seiner speziellen Zusammensetzung sind mit diesem Motoren\u00f6l l\u00e4ngere \u00d6lwechselintervalle m\u00f6glich.<\/p>\n<h3><strong>SPEZIFIKATIONEN<\/strong><\/h3>\n<ul>\n<li>ACEA A3\/B4\/E7<\/li>\n<li>API CI-4\/SL<\/li>\n<li>ALLISON C4<\/li>\n<li>CATERPILLAR ECF-1a\/2<\/li>\n<li>CUMMINS CES 20076\/20077\/20078<\/li>\n<li>DETROIT DIESEL 93K215<\/li>\n<li>DEUTZ DQC-III-18<\/li>\n<li>DTFR15B110<\/li>\n<li>GLOBAL DHD-1<\/li>\n<li>JASO DH-1<\/li>\n<li>MACK EO-M PLUS\/EO-N<\/li>\n<li>MAN M3275-1<\/li>\n<li>MB 228.3\/229.1<\/li>\n<li>MTU\u00a0TYPE 2<\/li>\n<li>RENAULT RLD\/RLD-2<\/li>\n<li>VOLVO VDS-3<\/li>\n<\/ul>\n<h3><strong>VERPACKUNG<\/strong><\/h3>\n<p>12X1L, 4X4L, 4X5L, 20L, 60L, 208L<\/p>\n","protected":false},"excerpt":{"rendered":"<p>BESCHREIBUNG Dieses moderne, universell einsetzbare Motoren\u00f6l wird mit hochwertigen solventraffinierten Grund\u00f6len und einer ausgewogenen Auswahl an Additiven hergestellt. EIGENSCHAFTEN Sehr gute Waschkraft verhindert Ablagerungen im Motor Sehr gute Dispersion, die Ausf\u00e4llungen und Schlamm verhindert Starke Wirkung gegen Korrosion und Schaumbildung Hoher und stabiler Viskosit\u00e4tsindex Niedriger Gehalt an Sulfatasche Starke Wirkung gegen Verschlei\u00df, was zu einem [&hellip;]<\/p>\n","protected":false},"author":1,"featured_media":998,"parent":10940,"menu_order":0,"comment_status":"closed","ping_status":"closed","template":"product-page.php","meta":{"_acf_changed":false,"inline_featured_image":false,"footnotes":""},"class_list":["post-11006","page","type-page","status-publish","has-post-thumbnail","hentry"],"acf":[],"_links":{"self":[{"href":"https:\/\/xenum.com\/de\/wp-json\/wp\/v2\/pages\/11006","targetHints":{"allow":["GET"]}}],"collection":[{"href":"https:\/\/xenum.com\/de\/wp-json\/wp\/v2\/pages"}],"about":[{"href":"https:\/\/xenum.com\/de\/wp-json\/wp\/v2\/types\/page"}],"author":[{"embeddable":true,"href":"https:\/\/xenum.com\/de\/wp-json\/wp\/v2\/users\/1"}],"replies":[{"embeddable":true,"href":"https:\/\/xenum.com\/de\/wp-json\/wp\/v2\/comments?post=11006"}],"version-history":[{"count":4,"href":"https:\/\/xenum.com\/de\/wp-json\/wp\/v2\/pages\/11006\/revisions"}],"predecessor-version":[{"id":24635,"href":"https:\/\/xenum.com\/de\/wp-json\/wp\/v2\/pages\/11006\/revisions\/24635"}],"up":[{"embeddable":true,"href":"https:\/\/xenum.com\/de\/wp-json\/wp\/v2\/pages\/10940"}],"wp:featuredmedia":[{"embeddable":true,"href":"https:\/\/xenum.com\/de\/wp-json\/wp\/v2\/media\/998"}],"wp:attachment":[{"href":"https:\/\/xenum.com\/de\/wp-json\/wp\/v2\/media?parent=11006"}],"curies":[{"name":"wp","href":"https:\/\/api.w.org\/{rel}","templated":true}]}}