{"id":10892,"date":"2021-08-27T12:45:33","date_gmt":"2021-08-27T12:45:33","guid":{"rendered":"https:\/\/xenum.com\/?page_id=10892"},"modified":"2021-08-27T12:45:33","modified_gmt":"2021-08-27T12:45:33","slug":"pro-v-0w20","status":"publish","type":"page","link":"https:\/\/xenum.com\/de\/startseite\/produkte\/ole\/motor\/regulares-ol\/pro-v-0w20\/","title":{"rendered":"PRO-V 0w20"},"content":{"rendered":"<p>Dieses Universal-Motoren\u00f6l ist nach dem neuesten Stand der Technik entwickelt worden. Das \u00d6l basiert auf speziell ausgew\u00e4hlten synthetischen Grund\u00f6len, die mit modernen Additiven angereichert sind. Es bietet optimalen Schutz, l\u00e4ngere Lebensdauer und Zuverl\u00e4ssigkeit. Es kombiniert hervorragenden Verschlei\u00dfschutz und hohe Temperaturbest\u00e4ndigkeit mit hervorragenden Kaltstarteigenschaften.<\/p>\n<h2><strong>VORTEILE<\/strong><\/h2>\n<ul>\n<li>Sehr niedriger Kraftstoffverbrauch<\/li>\n<li>Hoher und stabiler Viskosit\u00e4tsindex<\/li>\n<li>Geringe Bildung von Verbrennungsr\u00fcckst\u00e4nden (mittlere SAPS)<\/li>\n<li>Sehr sanfter Kaltstart, auch bei sehr niedrigen Temperaturen<\/li>\n<li>Zuverl\u00e4ssige Schmierfilmhaltung bei hohen Betriebstemperaturen<\/li>\n<li>Sehr gute Reinigungskraft und Dispersion<\/li>\n<li>Hohe Best\u00e4ndigkeit gegen Verschlei\u00df, Korrosion und Schaumbildung<\/li>\n<li>MID SAPS - DPF-kompatibel<\/li>\n<\/ul>\n<h2><strong>ANWENDUNG<\/strong><\/h2>\n<p>Speziell formuliertes kraftstoffsparendes Motoren\u00f6l, geeignet f\u00fcr Benzin- und Dieselmotoren in Volvo-Pkw, f\u00fcr die der Hersteller ein Produkt vorschreibt, das der VCC-Spezifikation RBS0-2AE mit der Viskosit\u00e4t SAE 0W20 entspricht.<\/p>\n<h3><strong>SPEZIFIKATIONEN<\/strong><\/h3>\n<p>ACEA C5<\/p>\n<p>VOLVO VCC RBS0-2AE<\/p>\n<h3><strong>VERPACKUNG<\/strong><\/h3>\n<p>1L-Dose (12 x 1L-Karton)<\/p>\n<p>5L-Kanister (4 x 5L-Kartons)<\/p>\n<p>60-Liter-Fass<\/p>\n<p>208L-Trommel<\/p>\n","protected":false},"excerpt":{"rendered":"<p>Dieses Universal-Motoren\u00f6l ist nach dem neuesten Stand der Technik entwickelt worden. Das \u00d6l basiert auf speziell ausgew\u00e4hlten synthetischen Grund\u00f6len, die mit modernen Additiven angereichert sind. Es bietet optimalen Schutz, l\u00e4ngere Lebensdauer und Zuverl\u00e4ssigkeit. Es kombiniert hervorragenden Verschlei\u00dfschutz und hohe Temperaturbest\u00e4ndigkeit mit hervorragenden Kaltstarteigenschaften. VORTEILE Sehr niedriger Kraftstoffverbrauch Hoher und stabiler Viskosit\u00e4tsindex Geringe Bildung von Verbrennungsr\u00fcckst\u00e4nden [&hellip;]<\/p>\n","protected":false},"author":1,"featured_media":25474,"parent":618,"menu_order":0,"comment_status":"closed","ping_status":"closed","template":"product-page.php","meta":{"_acf_changed":false,"inline_featured_image":false,"footnotes":""},"class_list":["post-10892","page","type-page","status-publish","has-post-thumbnail","hentry"],"acf":[],"_links":{"self":[{"href":"https:\/\/xenum.com\/de\/wp-json\/wp\/v2\/pages\/10892","targetHints":{"allow":["GET"]}}],"collection":[{"href":"https:\/\/xenum.com\/de\/wp-json\/wp\/v2\/pages"}],"about":[{"href":"https:\/\/xenum.com\/de\/wp-json\/wp\/v2\/types\/page"}],"author":[{"embeddable":true,"href":"https:\/\/xenum.com\/de\/wp-json\/wp\/v2\/users\/1"}],"replies":[{"embeddable":true,"href":"https:\/\/xenum.com\/de\/wp-json\/wp\/v2\/comments?post=10892"}],"version-history":[{"count":1,"href":"https:\/\/xenum.com\/de\/wp-json\/wp\/v2\/pages\/10892\/revisions"}],"predecessor-version":[{"id":10893,"href":"https:\/\/xenum.com\/de\/wp-json\/wp\/v2\/pages\/10892\/revisions\/10893"}],"up":[{"embeddable":true,"href":"https:\/\/xenum.com\/de\/wp-json\/wp\/v2\/pages\/618"}],"wp:featuredmedia":[{"embeddable":true,"href":"https:\/\/xenum.com\/de\/wp-json\/wp\/v2\/media\/25474"}],"wp:attachment":[{"href":"https:\/\/xenum.com\/de\/wp-json\/wp\/v2\/media?parent=10892"}],"curies":[{"name":"wp","href":"https:\/\/api.w.org\/{rel}","templated":true}]}}