{"id":10779,"date":"2021-08-20T12:34:11","date_gmt":"2021-08-20T12:34:11","guid":{"rendered":"https:\/\/xenum.com\/?page_id=10779"},"modified":"2021-09-23T10:04:51","modified_gmt":"2021-09-23T10:04:51","slug":"x1-bike-10w50","status":"publish","type":"page","link":"https:\/\/xenum.com\/de\/startseite\/produkte\/ole\/motorrad\/x-brake-dot-4\/x1-bike-10w50\/","title":{"rendered":"X1-BIKE 10w50"},"content":{"rendered":"<p>Eine neue Generation synthetischer Viertakt-Motorrad\u00f6le auf der Grundlage speziell ausgew\u00e4hlter Grund\u00f6le in Kombination mit speziell entwickelten, ausgewogenen Additiven.<\/p>\n<h2><strong>Vorteile<\/strong><\/h2>\n<ul>\n<li>Kraftstoffverbrauch<\/li>\n<li>Hoher und stabiler Viskosit\u00e4tsindex<\/li>\n<li>Ausgezeichnete Schmiereigenschaften, auch bei hohen Temperaturen<\/li>\n<li>Optimale Reibungseigenschaften<\/li>\n<li>Gute Anti-Verschlei\u00df-, Anti-Korrosions- und Anti-Schaum-Eigenschaften<\/li>\n<li>Sehr gute reinigende und dispergierende Wirkung<\/li>\n<\/ul>\n<h2><strong>Anmeldung<\/strong><\/h2>\n<p>Dieses \u00d6l wurde speziell f\u00fcr die Schmierung von Viertakt-Motorradmotoren entwickelt, so dass rutschende, klebende und durchrutschende Kupplungsscheiben der Vergangenheit angeh\u00f6ren. Dieses \u00d6l wurde in enger Zusammenarbeit mit f\u00fchrenden Motorradherstellern entwickelt und hat sich in der Praxis bestens bew\u00e4hrt.<\/p>\n<p>Dank all dieser Eigenschaften ist dieses \u00d6l hervorragend f\u00fcr den Einsatz im Rennsport und unter anderen extremen Bedingungen geeignet.<\/p>\n<h3><strong>Spezifikationen<\/strong><\/h3>\n<p>API SL<br \/>\nJASO MA2<\/p>\n<h3><strong>Verpackung<\/strong><\/h3>\n<p>1L-Kanister<br \/>\n20L-Fass<br \/>\n60-Liter-Fass<br \/>\n208L Trommel<\/p>\n","protected":false},"excerpt":{"rendered":"<p>Eine neue Generation synthetischer Viertakt-Motorrad\u00f6le auf der Grundlage speziell ausgew\u00e4hlter Grund\u00f6le in Kombination mit speziell entwickelten, ausgewogenen Additiven. Vorteile Kraftstoffverbrauch Hoher und stabiler Viskosit\u00e4tsindex Ausgezeichnete Schmiereigenschaften, auch bei hohen Temperaturen Optimale Reibungseigenschaften Gute Anti-Verschlei\u00df-, Anti-Korrosions- und Anti-Schaum-Eigenschaften Sehr gute reinigende und dispergierende Wirkung Anmeldung Dieses \u00d6l wurde speziell f\u00fcr die Schmierung von Viertakt-Motorradmotoren entwickelt, so [&hellip;]<\/p>\n","protected":false},"author":1,"featured_media":9671,"parent":10834,"menu_order":2,"comment_status":"closed","ping_status":"closed","template":"product-page.php","meta":{"_acf_changed":false,"inline_featured_image":false,"footnotes":""},"class_list":["post-10779","page","type-page","status-publish","has-post-thumbnail","hentry"],"acf":[],"_links":{"self":[{"href":"https:\/\/xenum.com\/de\/wp-json\/wp\/v2\/pages\/10779","targetHints":{"allow":["GET"]}}],"collection":[{"href":"https:\/\/xenum.com\/de\/wp-json\/wp\/v2\/pages"}],"about":[{"href":"https:\/\/xenum.com\/de\/wp-json\/wp\/v2\/types\/page"}],"author":[{"embeddable":true,"href":"https:\/\/xenum.com\/de\/wp-json\/wp\/v2\/users\/1"}],"replies":[{"embeddable":true,"href":"https:\/\/xenum.com\/de\/wp-json\/wp\/v2\/comments?post=10779"}],"version-history":[{"count":1,"href":"https:\/\/xenum.com\/de\/wp-json\/wp\/v2\/pages\/10779\/revisions"}],"predecessor-version":[{"id":10780,"href":"https:\/\/xenum.com\/de\/wp-json\/wp\/v2\/pages\/10779\/revisions\/10780"}],"up":[{"embeddable":true,"href":"https:\/\/xenum.com\/de\/wp-json\/wp\/v2\/pages\/10834"}],"wp:featuredmedia":[{"embeddable":true,"href":"https:\/\/xenum.com\/de\/wp-json\/wp\/v2\/media\/9671"}],"wp:attachment":[{"href":"https:\/\/xenum.com\/de\/wp-json\/wp\/v2\/media?parent=10779"}],"curies":[{"name":"wp","href":"https:\/\/api.w.org\/{rel}","templated":true}]}}