{"id":10766,"date":"2021-08-20T11:39:36","date_gmt":"2021-08-20T11:39:36","guid":{"rendered":"https:\/\/xenum.com\/?page_id=10766"},"modified":"2023-03-09T16:13:47","modified_gmt":"2023-03-09T15:13:47","slug":"pro-f-5w30","status":"publish","type":"page","link":"https:\/\/xenum.com\/de\/startseite\/produkte\/ole\/motor\/vollsynthetisch\/pro-f-5w30\/","title":{"rendered":"PRO F 5W30"},"content":{"rendered":"<p>Synthetisches Hochleistungsmotoren\u00f6l, hergestellt aus speziell ausgew\u00e4hlten Grund\u00f6len mit hohem Viskosit\u00e4tsindex und einer ausgewogenen Auswahl an fortschrittlichen Additiven. Bietet optimalen Schutz und verl\u00e4ngert die Lebensdauer und Zuverl\u00e4ssigkeit des Motors. Kombiniert au\u00dfergew\u00f6hnliche Verschlei\u00dfschutzleistung und hervorragenden Schutz bei hohen Temperaturen mit hervorragenden Kaltstarteigenschaften. Dieses Motoren\u00f6l tr\u00e4gt auch zur Verl\u00e4ngerung der Lebensdauer von Partikelfiltern bei.<\/p>\n<h2><strong>Eigenschaften<\/strong><\/h2>\n<ul>\n<li>Kraftstoffeinsparung.<\/li>\n<li>Hoher und sehr stabiler Viskosit\u00e4tsindex.<\/li>\n<li>Hervorragender Widerstand gegen Scherung.<\/li>\n<li>Schneller Kaltstart.<\/li>\n<li>Sicherer Schmierfilm bei extremen Temperaturen.<\/li>\n<li>Flexible und verl\u00e4ngerte \u00d6lwechselintervalle.<\/li>\n<li>Hoher Schutz gegen Verschlei\u00df.<\/li>\n<li>LOW SAPS \/ DPF-kompatibel.<\/li>\n<\/ul>\n<h2><strong>Anwendung<\/strong><\/h2>\n<p>Dieses universelle, kraftstoffsparende synthetische Motoren\u00f6l wurde speziell f\u00fcr PKW-Einheitseinspritzdieselmotoren entwickelt. Dar\u00fcber hinaus eignet sich dieser Schmierstoff sehr gut f\u00fcr den Einsatz in Benzin- und Dieselmotoren, mit oder ohne Turboaufladung. Dieses Produkt erf\u00fcllt die Anforderungen mehrerer OEMs und hat daher einen breiten Anwendungsbereich. Tragen Sie die richtige \u00d6lmenge auf, die in der Betriebsanleitung des Fahrzeug- und Motorenherstellers angegeben ist.<\/p>\n<h3><strong>Spezifikationen<\/strong><\/h3>\n<ul>\n<li>ACEA C1<\/li>\n<li>FORD WSS-M2C934B<\/li>\n<li>JASO DL-1<\/li>\n<li>JAGUAR\/LAND ROVER STJR.03.5005<\/li>\n<li>MAZDA (DPF &amp; FAP)<\/li>\n<\/ul>\n<h3><strong>Verf\u00fcgbar<\/strong> in<\/h3>\n<p>12X1L, 4X4L, 4X5L, 20L, 60L, 208L<\/p>\n","protected":false},"excerpt":{"rendered":"<p>Synthetisches Hochleistungsmotoren\u00f6l, hergestellt aus speziell ausgew\u00e4hlten Grund\u00f6len mit hohem Viskosit\u00e4tsindex und einer ausgewogenen Auswahl an fortschrittlichen Additiven. Bietet optimalen Schutz und verl\u00e4ngert die Lebensdauer und Zuverl\u00e4ssigkeit des Motors. Kombiniert au\u00dfergew\u00f6hnliche Verschlei\u00dfschutzleistung und hervorragenden Schutz bei hohen Temperaturen mit hervorragenden Kaltstarteigenschaften. Dieses Motoren\u00f6l tr\u00e4gt auch zur Verl\u00e4ngerung der Lebensdauer von Partikelfiltern bei. Eigenschaften Kraftstoffeinsparung. Hoher und [&hellip;]<\/p>\n","protected":false},"author":1,"featured_media":14413,"parent":9451,"menu_order":10,"comment_status":"closed","ping_status":"closed","template":"product-page.php","meta":{"_acf_changed":false,"inline_featured_image":false,"footnotes":""},"class_list":["post-10766","page","type-page","status-publish","has-post-thumbnail","hentry"],"acf":[],"_links":{"self":[{"href":"https:\/\/xenum.com\/de\/wp-json\/wp\/v2\/pages\/10766","targetHints":{"allow":["GET"]}}],"collection":[{"href":"https:\/\/xenum.com\/de\/wp-json\/wp\/v2\/pages"}],"about":[{"href":"https:\/\/xenum.com\/de\/wp-json\/wp\/v2\/types\/page"}],"author":[{"embeddable":true,"href":"https:\/\/xenum.com\/de\/wp-json\/wp\/v2\/users\/1"}],"replies":[{"embeddable":true,"href":"https:\/\/xenum.com\/de\/wp-json\/wp\/v2\/comments?post=10766"}],"version-history":[{"count":3,"href":"https:\/\/xenum.com\/de\/wp-json\/wp\/v2\/pages\/10766\/revisions"}],"predecessor-version":[{"id":20918,"href":"https:\/\/xenum.com\/de\/wp-json\/wp\/v2\/pages\/10766\/revisions\/20918"}],"up":[{"embeddable":true,"href":"https:\/\/xenum.com\/de\/wp-json\/wp\/v2\/pages\/9451"}],"wp:featuredmedia":[{"embeddable":true,"href":"https:\/\/xenum.com\/de\/wp-json\/wp\/v2\/media\/14413"}],"wp:attachment":[{"href":"https:\/\/xenum.com\/de\/wp-json\/wp\/v2\/media?parent=10766"}],"curies":[{"name":"wp","href":"https:\/\/api.w.org\/{rel}","templated":true}]}}