{"id":10683,"date":"2021-08-20T08:29:20","date_gmt":"2021-08-20T08:29:20","guid":{"rendered":"https:\/\/xenum.com\/?page_id=10683"},"modified":"2021-08-20T08:29:20","modified_gmt":"2021-08-20T08:29:20","slug":"full-detox-pro","status":"publish","type":"page","link":"https:\/\/xenum.com\/de\/startseite\/produkte\/additive\/kraftstoff\/diesel-reiniger\/full-detox-pro\/","title":{"rendered":"Full Detox Pro"},"content":{"rendered":"<p>Professionelles Produkt, das entwickelt wurde, um Abgasrauch und Ru\u00dfbildung bei Dieselfahrzeugen zu beseitigen und zu verhindern. Reduziert den Kraftstoffverbrauch. Hilft, die Umwelt zu sch\u00fctzen. Sofortige Wirkung.<\/p>\n<h2><strong>Vorteile<\/strong><\/h2>\n<ul>\n<li>Hilft und verhindert Rauch- und CO2-Emissionen.<\/li>\n<li>Verhindert Verschmutzung.<\/li>\n<li>Sch\u00fctzt den Einlass und das EGR-System vor Verschmutzung.<\/li>\n<\/ul>\n<h2><strong>Eigenschaften<\/strong><\/h2>\n<ul>\n<li>Gleichm\u00e4\u00dfigere Leerlaufdrehzahl des Motors, weniger L\u00e4rm und Vibrationen<\/li>\n<li>Geringerer Kraftstoffverbrauch<\/li>\n<li>Sofortige Wirkung und Ergebnis<\/li>\n<li>Verhindert Ablagerungen im EGR-System<\/li>\n<li>Verhindert Ablagerungen in Katalysatoren und Partikelfiltern.<\/li>\n<\/ul>\n<h2><strong>Anwendung<\/strong><\/h2>\n<p>Geben Sie die gesamte Flasche (300 ml) vor dem Tanken in den Kraftstoff. (1 Flasche pro 40 bis 60 l Kraftstoff). Geeignet f\u00fcr alle Dieselmotoren.<\/p>\n<h3><strong>Verpackung<\/strong><\/h3>\n<p>300 ml Dose (12 x 300 ml\/Karton)<\/p>\n","protected":false},"excerpt":{"rendered":"<p>Professionelles Produkt, das entwickelt wurde, um Abgasrauch und Ru\u00dfbildung bei Dieselfahrzeugen zu beseitigen und zu verhindern. Reduziert den Kraftstoffverbrauch. Hilft, die Umwelt zu sch\u00fctzen. Sofortige Wirkung. Vorteile Hilft und verhindert Rauch- und CO2-Emissionen. Verhindert Verschmutzung. Sch\u00fctzt den Einlass und das EGR-System vor Verschmutzung. Eigenschaften Gleichm\u00e4\u00dfigere Leerlaufdrehzahl des Motors, weniger L\u00e4rm und Vibrationen Geringerer Kraftstoffverbrauch Sofortige [&hellip;]<\/p>\n","protected":false},"author":1,"featured_media":10196,"parent":1182,"menu_order":0,"comment_status":"closed","ping_status":"closed","template":"product-page.php","meta":{"_acf_changed":false,"inline_featured_image":false,"footnotes":""},"class_list":["post-10683","page","type-page","status-publish","has-post-thumbnail","hentry"],"acf":[],"_links":{"self":[{"href":"https:\/\/xenum.com\/de\/wp-json\/wp\/v2\/pages\/10683","targetHints":{"allow":["GET"]}}],"collection":[{"href":"https:\/\/xenum.com\/de\/wp-json\/wp\/v2\/pages"}],"about":[{"href":"https:\/\/xenum.com\/de\/wp-json\/wp\/v2\/types\/page"}],"author":[{"embeddable":true,"href":"https:\/\/xenum.com\/de\/wp-json\/wp\/v2\/users\/1"}],"replies":[{"embeddable":true,"href":"https:\/\/xenum.com\/de\/wp-json\/wp\/v2\/comments?post=10683"}],"version-history":[{"count":1,"href":"https:\/\/xenum.com\/de\/wp-json\/wp\/v2\/pages\/10683\/revisions"}],"predecessor-version":[{"id":10684,"href":"https:\/\/xenum.com\/de\/wp-json\/wp\/v2\/pages\/10683\/revisions\/10684"}],"up":[{"embeddable":true,"href":"https:\/\/xenum.com\/de\/wp-json\/wp\/v2\/pages\/1182"}],"wp:featuredmedia":[{"embeddable":true,"href":"https:\/\/xenum.com\/de\/wp-json\/wp\/v2\/media\/10196"}],"wp:attachment":[{"href":"https:\/\/xenum.com\/de\/wp-json\/wp\/v2\/media?parent=10683"}],"curies":[{"name":"wp","href":"https:\/\/api.w.org\/{rel}","templated":true}]}}