{"id":10486,"date":"2021-08-13T13:42:40","date_gmt":"2021-08-13T13:42:40","guid":{"rendered":"https:\/\/xenum.com\/?page_id=10486"},"modified":"2023-06-22T12:26:44","modified_gmt":"2023-06-22T11:26:44","slug":"semix-5w40","status":"publish","type":"page","link":"https:\/\/xenum.com\/de\/startseite\/produkte\/ole\/motor\/hybride-synthetische\/semix-5w40\/","title":{"rendered":"Semix 5W40"},"content":{"rendered":"<p>SEMIX 5W40 is a hybrid synthetic motor oil specifically formulated for use in both turbocharged and non-turbocharged petrol and diesel engines of passenger cars and delivery vans. This versatile oil is designed to offer excellent wear protection and enhance fuel economy.<\/p>\n<h2><strong>EIGENSCHAFTEN<\/strong><\/h2>\n<ul>\n<li>Bietet hervorragenden Schutz vor Reibung und Verschlei\u00df<\/li>\n<li>Verbessert den Kraftstoffverbrauch<\/li>\n<li>Reduziert die CO\u2082-Emissionen<\/li>\n<li>Verbessert die Kaltstartleistung<\/li>\n<li>Starke Waschkraft zur Verhinderung von Motorablagerungen<\/li>\n<li>Bietet ausgezeichnete Oxidations- und Scherfestigkeit<\/li>\n<li>Beh\u00e4lt einen stabilen Viskosit\u00e4tsindex bei<\/li>\n<li>Au\u00dfergew\u00f6hnliche Flie\u00dff\u00e4higkeit bei niedrigen Temperaturen<\/li>\n<\/ul>\n<h2><strong>ANWENDUNG<\/strong><\/h2>\n<p>Speziell formuliert f\u00fcr Hochleistungs-Benzinmotoren sowie f\u00fcr Dieselmotoren mit Turbolader und Direkteinspritzung in Personenkraftwagen. Nicht geeignet f\u00fcr Fahrzeuge, die mit einem Dieselpartikelfilter ausgestattet sind.<\/p>\n<h3><strong>SPEZIFIKATIONEN<\/strong><\/h3>\n<ul>\n<li>ACEA: A3\/B4<\/li>\n<li>API: SN\/CF<\/li>\n<li>BMW: LONGLIFE-01<\/li>\n<li>MB: 226.5<\/li>\n<li>MB: 229.3<\/li>\n<li>OPEL: GM-LL-B-025<\/li>\n<li>Fiat 9.55535-M2<\/li>\n<li>PORSCHE: A40<\/li>\n<li>PSA: B71 2296<\/li>\n<li>RENAULT: RN 0700<\/li>\n<li>RENAULT: RN 0710<\/li>\n<li>VW: 502 00<\/li>\n<li>VW: 505 00<\/li>\n<li>VW: 505 01<\/li>\n<\/ul>\n<h3><strong>VERPACKUNG<\/strong><\/h3>\n<p>12X1L, 4X4L, 4X5L, 20L, 60L, 208L<\/p>\n","protected":false},"excerpt":{"rendered":"<p>SEMIX 5W40 is a hybrid synthetic motor oil specifically formulated for use in both turbocharged and non-turbocharged petrol and diesel engines of passenger cars and delivery vans. This versatile oil is designed to offer excellent wear protection and enhance fuel economy. EIGENSCHAFTEN Bietet hervorragenden Schutz vor Reibung und Verschlei\u00df Verbessert den Kraftstoffverbrauch Reduziert die CO\u2082-Emissionen [&hellip;]<\/p>\n","protected":false},"author":1,"featured_media":11075,"parent":9597,"menu_order":5,"comment_status":"closed","ping_status":"closed","template":"product-page.php","meta":{"_acf_changed":false,"inline_featured_image":false,"footnotes":""},"class_list":["post-10486","page","type-page","status-publish","has-post-thumbnail","hentry"],"acf":[],"_links":{"self":[{"href":"https:\/\/xenum.com\/de\/wp-json\/wp\/v2\/pages\/10486","targetHints":{"allow":["GET"]}}],"collection":[{"href":"https:\/\/xenum.com\/de\/wp-json\/wp\/v2\/pages"}],"about":[{"href":"https:\/\/xenum.com\/de\/wp-json\/wp\/v2\/types\/page"}],"author":[{"embeddable":true,"href":"https:\/\/xenum.com\/de\/wp-json\/wp\/v2\/users\/1"}],"replies":[{"embeddable":true,"href":"https:\/\/xenum.com\/de\/wp-json\/wp\/v2\/comments?post=10486"}],"version-history":[{"count":5,"href":"https:\/\/xenum.com\/de\/wp-json\/wp\/v2\/pages\/10486\/revisions"}],"predecessor-version":[{"id":23409,"href":"https:\/\/xenum.com\/de\/wp-json\/wp\/v2\/pages\/10486\/revisions\/23409"}],"up":[{"embeddable":true,"href":"https:\/\/xenum.com\/de\/wp-json\/wp\/v2\/pages\/9597"}],"wp:featuredmedia":[{"embeddable":true,"href":"https:\/\/xenum.com\/de\/wp-json\/wp\/v2\/media\/11075"}],"wp:attachment":[{"href":"https:\/\/xenum.com\/de\/wp-json\/wp\/v2\/media?parent=10486"}],"curies":[{"name":"wp","href":"https:\/\/api.w.org\/{rel}","templated":true}]}}