{"id":10320,"date":"2021-08-11T13:16:13","date_gmt":"2021-08-11T13:16:13","guid":{"rendered":"https:\/\/xenum.com\/?page_id=10320"},"modified":"2021-08-11T13:16:13","modified_gmt":"2021-08-11T13:16:13","slug":"clean-leather","status":"publish","type":"page","link":"https:\/\/xenum.com\/de\/startseite\/produkte\/wartung\/auto-detaillierung\/clean-leather\/","title":{"rendered":"Clean Leather"},"content":{"rendered":"<p>Clean Leather\u2122 bietet eine hervorragende Reinigung von Leder- und Alcantara-Polstern. Erm\u00f6glicht eine Tiefenreinigung auf sichere Art und Weise. Geeignet f\u00fcr alle Glattlederarten. Entfernt sogar hartn\u00e4ckige Flecken. Nicht f\u00fcr Wildleder geeignet.<\/p>\n<h2><strong>Eigenschaften<\/strong><\/h2>\n<p>Entfernt hartn\u00e4ckige Flecken.<br \/>\nSanfte Wirkung.<br \/>\nTiefenreinigung.<br \/>\nLeicht aufzutragen.<br \/>\nProfessionelle Formel.<br \/>\n\u00d6kologische und ergonomische Dose<\/p>\n<h2><strong>Anwendung<\/strong><\/h2>\n<p>Spr\u00fchen Sie Clean Leather\u2122 auf einen Schwamm oder eine saubere Mikrofaser und verteilen Sie es auf allen Lederoberfl\u00e4chen, w\u00e4hrend Sie vorsichtig reiben. Mit einem feuchten Tuch oder Schwamm r\u00fcckstandsfrei abtrocknen. Nach der Reinigung das Leder mit Lederbalsam pflegen und sch\u00fctzen. So bleibt es geschmeidig und widerstandsf\u00e4hig. Vor der Anwendung die Vertr\u00e4glichkeit und Farbechtheit des Leders pr\u00fcfen.<\/p>\n<h3>Verpackung<\/h3>\n<p>250 ml Dose (6 x 250 ml\/Karton) - REF. 6056250<\/p>\n<p>&nbsp;<\/p>\n","protected":false},"excerpt":{"rendered":"<p>Clean Leather\u2122 bietet eine hervorragende Reinigung von Leder- und Alcantara-Polstern. Erm\u00f6glicht eine Tiefenreinigung auf sichere Art und Weise. Geeignet f\u00fcr alle Glattlederarten. Entfernt sogar hartn\u00e4ckige Flecken. Nicht f\u00fcr Wildleder geeignet. Eigenschaften Entfernt hartn\u00e4ckige Flecken. Sanfte Wirkung. Tiefenreinigung. Leicht aufzutragen. Professionelle Formel. \u00d6kologische und ergonomische Dose Anwendung Spr\u00fchen Sie Clean Leather\u2122 auf einen Schwamm oder eine [&hellip;]<\/p>\n","protected":false},"author":1,"featured_media":7304,"parent":7259,"menu_order":14,"comment_status":"closed","ping_status":"closed","template":"product-page.php","meta":{"_acf_changed":false,"inline_featured_image":false,"footnotes":""},"class_list":["post-10320","page","type-page","status-publish","has-post-thumbnail","hentry"],"acf":[],"_links":{"self":[{"href":"https:\/\/xenum.com\/de\/wp-json\/wp\/v2\/pages\/10320","targetHints":{"allow":["GET"]}}],"collection":[{"href":"https:\/\/xenum.com\/de\/wp-json\/wp\/v2\/pages"}],"about":[{"href":"https:\/\/xenum.com\/de\/wp-json\/wp\/v2\/types\/page"}],"author":[{"embeddable":true,"href":"https:\/\/xenum.com\/de\/wp-json\/wp\/v2\/users\/1"}],"replies":[{"embeddable":true,"href":"https:\/\/xenum.com\/de\/wp-json\/wp\/v2\/comments?post=10320"}],"version-history":[{"count":1,"href":"https:\/\/xenum.com\/de\/wp-json\/wp\/v2\/pages\/10320\/revisions"}],"predecessor-version":[{"id":10321,"href":"https:\/\/xenum.com\/de\/wp-json\/wp\/v2\/pages\/10320\/revisions\/10321"}],"up":[{"embeddable":true,"href":"https:\/\/xenum.com\/de\/wp-json\/wp\/v2\/pages\/7259"}],"wp:featuredmedia":[{"embeddable":true,"href":"https:\/\/xenum.com\/de\/wp-json\/wp\/v2\/media\/7304"}],"wp:attachment":[{"href":"https:\/\/xenum.com\/de\/wp-json\/wp\/v2\/media?parent=10320"}],"curies":[{"name":"wp","href":"https:\/\/api.w.org\/{rel}","templated":true}]}}