{"id":10318,"date":"2021-08-11T13:13:04","date_gmt":"2021-08-11T13:13:04","guid":{"rendered":"https:\/\/xenum.com\/?page_id=10318"},"modified":"2021-08-11T13:13:04","modified_gmt":"2021-08-11T13:13:04","slug":"leather-balm","status":"publish","type":"page","link":"https:\/\/xenum.com\/de\/startseite\/produkte\/wartung\/auto-detaillierung\/leather-balm\/","title":{"rendered":"Leather Balm"},"content":{"rendered":"<p>Reinigungs- und Pflegeemulsion f\u00fcr alle Glatt- und Kunstleder, z.B. Autoinnenausstattung, Motorradkombis, Taschen, M\u00f6bel, etc. F\u00fcr alle Farben geeignet. Entfernt m\u00fchelos Schmutz, \u00d6l, Fett und frischt die Farben auf. H\u00e4lt das Leder geschmeidig, wird nicht rutschig. UV-Schutz.<\/p>\n<h2><strong>Eigenschaften<\/strong><\/h2>\n<ul>\n<li>Repariert<\/li>\n<li>Sch\u00fctzt<\/li>\n<li>H\u00e4lt geschmeidig.<\/li>\n<li>F\u00fcr Glatt- und Kunstleder.<\/li>\n<li>Schlupffreie Pflege und Schutz.<\/li>\n<li>Professionelle Formel.<\/li>\n<li>\u00d6kologische Dose<\/li>\n<\/ul>\n<h2><strong>Anwendung<\/strong><\/h2>\n<p>Flasche vor Gebrauch gut sch\u00fctteln. Mit einem fusselfreien Tuch kreisf\u00f6rmig auftragen, einige Minuten einwirken lassen, mit einem frischen Tuch abwischen.<\/p>\n<h2><strong>Verpackung<\/strong><\/h2>\n<p>1 Schachtel: 250 ml Dose, 1 Mikrofasertuch, 2 Polierpads (6 Schachteln\/Karton) - REF. 6063250<\/p>\n","protected":false},"excerpt":{"rendered":"<p>Reinigungs- und Pflegeemulsion f\u00fcr alle Glatt- und Kunstleder, z.B. Autoinnenausstattung, Motorradkombis, Taschen, M\u00f6bel, etc. F\u00fcr alle Farben geeignet. Entfernt m\u00fchelos Schmutz, \u00d6l, Fett und frischt die Farben auf. H\u00e4lt das Leder geschmeidig, wird nicht rutschig. UV-Schutz. Eigenschaften Repariert Sch\u00fctzt H\u00e4lt geschmeidig. F\u00fcr Glatt- und Kunstleder. Schlupffreie Pflege und Schutz. Professionelle Formel. \u00d6kologische Dose Anwendung Flasche [&hellip;]<\/p>\n","protected":false},"author":1,"featured_media":7309,"parent":7259,"menu_order":11,"comment_status":"closed","ping_status":"closed","template":"product-page.php","meta":{"_acf_changed":false,"inline_featured_image":false,"footnotes":""},"class_list":["post-10318","page","type-page","status-publish","has-post-thumbnail","hentry"],"acf":[],"_links":{"self":[{"href":"https:\/\/xenum.com\/de\/wp-json\/wp\/v2\/pages\/10318","targetHints":{"allow":["GET"]}}],"collection":[{"href":"https:\/\/xenum.com\/de\/wp-json\/wp\/v2\/pages"}],"about":[{"href":"https:\/\/xenum.com\/de\/wp-json\/wp\/v2\/types\/page"}],"author":[{"embeddable":true,"href":"https:\/\/xenum.com\/de\/wp-json\/wp\/v2\/users\/1"}],"replies":[{"embeddable":true,"href":"https:\/\/xenum.com\/de\/wp-json\/wp\/v2\/comments?post=10318"}],"version-history":[{"count":1,"href":"https:\/\/xenum.com\/de\/wp-json\/wp\/v2\/pages\/10318\/revisions"}],"predecessor-version":[{"id":10319,"href":"https:\/\/xenum.com\/de\/wp-json\/wp\/v2\/pages\/10318\/revisions\/10319"}],"up":[{"embeddable":true,"href":"https:\/\/xenum.com\/de\/wp-json\/wp\/v2\/pages\/7259"}],"wp:featuredmedia":[{"embeddable":true,"href":"https:\/\/xenum.com\/de\/wp-json\/wp\/v2\/media\/7309"}],"wp:attachment":[{"href":"https:\/\/xenum.com\/de\/wp-json\/wp\/v2\/media?parent=10318"}],"curies":[{"name":"wp","href":"https:\/\/api.w.org\/{rel}","templated":true}]}}