{"id":10314,"date":"2021-08-11T12:51:30","date_gmt":"2021-08-11T12:51:30","guid":{"rendered":"https:\/\/xenum.com\/?page_id=10314"},"modified":"2021-08-11T12:51:30","modified_gmt":"2021-08-11T12:51:30","slug":"cabin-detailing","status":"publish","type":"page","link":"https:\/\/xenum.com\/de\/startseite\/produkte\/wartung\/auto-detaillierung\/cabin-detailing\/","title":{"rendered":"Cabin Detailing"},"content":{"rendered":"<p>Reinigt, erneuert und sch\u00fctzt effizient alle harten Teile des Fahrzeuginnenraums, das Armaturenbrett und andere Kunststoff-, Holz- und Lackoberfl\u00e4chen.<\/p>\n<h2><strong>Eigenschaften<\/strong><\/h2>\n<ul>\n<li>Lang anhaltende, satinierte Oberfl\u00e4che.<\/li>\n<li>Reinigt und sch\u00fctzt alle Oberfl\u00e4chen im Innenraum.<\/li>\n<li>Angenehmes Parf\u00fcm.<\/li>\n<li>UV-Schutz.<\/li>\n<li>Leicht aufzutragen.<\/li>\n<li>Professionelle Formel.<\/li>\n<li>\u00d6kologische und ergonomische Dose<\/li>\n<\/ul>\n<h2><strong>Anwendung<\/strong><\/h2>\n<p>Das Produkt gleichm\u00e4\u00dfig auf die Oberfl\u00e4chen aufspr\u00fchen. Zum Trocknen mit einem sauberen, trockenen Mikrofasertuch abwischen.<\/p>\n<h3><strong>Verpackung<\/strong><\/h3>\n<p>750 ml Dose (6 x 750 ml\/Karton) - REF. 1952750<\/p>\n","protected":false},"excerpt":{"rendered":"<p>Reinigt, erneuert und sch\u00fctzt effizient alle harten Teile des Fahrzeuginnenraums, das Armaturenbrett und andere Kunststoff-, Holz- und Lackoberfl\u00e4chen. Eigenschaften Lang anhaltende, satinierte Oberfl\u00e4che. Reinigt und sch\u00fctzt alle Oberfl\u00e4chen im Innenraum. Angenehmes Parf\u00fcm. UV-Schutz. Leicht aufzutragen. Professionelle Formel. \u00d6kologische und ergonomische Dose Anwendung Das Produkt gleichm\u00e4\u00dfig auf die Oberfl\u00e4chen aufspr\u00fchen. Zum Trocknen mit einem sauberen, trockenen [&hellip;]<\/p>\n","protected":false},"author":1,"featured_media":7291,"parent":7259,"menu_order":9,"comment_status":"closed","ping_status":"closed","template":"product-page.php","meta":{"_acf_changed":false,"inline_featured_image":false,"footnotes":""},"class_list":["post-10314","page","type-page","status-publish","has-post-thumbnail","hentry"],"acf":[],"_links":{"self":[{"href":"https:\/\/xenum.com\/de\/wp-json\/wp\/v2\/pages\/10314","targetHints":{"allow":["GET"]}}],"collection":[{"href":"https:\/\/xenum.com\/de\/wp-json\/wp\/v2\/pages"}],"about":[{"href":"https:\/\/xenum.com\/de\/wp-json\/wp\/v2\/types\/page"}],"author":[{"embeddable":true,"href":"https:\/\/xenum.com\/de\/wp-json\/wp\/v2\/users\/1"}],"replies":[{"embeddable":true,"href":"https:\/\/xenum.com\/de\/wp-json\/wp\/v2\/comments?post=10314"}],"version-history":[{"count":1,"href":"https:\/\/xenum.com\/de\/wp-json\/wp\/v2\/pages\/10314\/revisions"}],"predecessor-version":[{"id":10315,"href":"https:\/\/xenum.com\/de\/wp-json\/wp\/v2\/pages\/10314\/revisions\/10315"}],"up":[{"embeddable":true,"href":"https:\/\/xenum.com\/de\/wp-json\/wp\/v2\/pages\/7259"}],"wp:featuredmedia":[{"embeddable":true,"href":"https:\/\/xenum.com\/de\/wp-json\/wp\/v2\/media\/7291"}],"wp:attachment":[{"href":"https:\/\/xenum.com\/de\/wp-json\/wp\/v2\/media?parent=10314"}],"curies":[{"name":"wp","href":"https:\/\/api.w.org\/{rel}","templated":true}]}}