{"id":10312,"date":"2021-08-11T12:47:58","date_gmt":"2021-08-11T12:47:58","guid":{"rendered":"https:\/\/xenum.com\/?page_id=10312"},"modified":"2021-08-11T12:47:58","modified_gmt":"2021-08-11T12:47:58","slug":"clean-machine","status":"publish","type":"page","link":"https:\/\/xenum.com\/de\/startseite\/produkte\/wartung\/auto-detaillierung\/clean-machine\/","title":{"rendered":"Clean Machine"},"content":{"rendered":"<p>Clean Machine\u2122 bietet eine hervorragende Reinigung des Motors und des Motorraums. Die Wirkstoffe l\u00f6sen selbst die hartn\u00e4ckigsten Ablagerungen von \u00d6l, Fett, Frostschutzmittel, Kraftstoff und anderem Schmutz schnell auf.<\/p>\n<h2><strong>Eigenschaften<\/strong><\/h2>\n<p>Sicher auf Metall, Gummi und Kunststoff.<br \/>\nKraftvoller Entfetter.<br \/>\nSchnelle Wirkung.<br \/>\nF\u00fcr Motor und Motorraum.<br \/>\nLeicht aufzutragen.<br \/>\nProfessionelle Formel.<br \/>\n\u00d6kologische und ergonomische Dose.<\/p>\n<h2><strong>Anwendung<\/strong><\/h2>\n<p>Stellen Sie den Motor ab und lassen Sie ihn abk\u00fchlen. Klemmen Sie die Batterie ab und sch\u00fctzen Sie alle Komponenten, die durch Wasser besch\u00e4digt werden k\u00f6nnten. Clean Machine\u2122 auf die Oberfl\u00e4che spr\u00fchen und ein paar Minuten einwirken lassen. Mit Wasser unter hohem Druck absp\u00fclen und mit einem trockenen Tuch abwischen.<\/p>\n<h3><strong>Verpackung<\/strong><\/h3>\n<p>750 ml Dose (6 x 750 ml\/Karton) - REF. 1983750<\/p>\n","protected":false},"excerpt":{"rendered":"<p>Clean Machine\u2122 bietet eine hervorragende Reinigung des Motors und des Motorraums. Die Wirkstoffe l\u00f6sen selbst die hartn\u00e4ckigsten Ablagerungen von \u00d6l, Fett, Frostschutzmittel, Kraftstoff und anderem Schmutz schnell auf. Eigenschaften Sicher auf Metall, Gummi und Kunststoff. Kraftvoller Entfetter. Schnelle Wirkung. F\u00fcr Motor und Motorraum. Leicht aufzutragen. Professionelle Formel. \u00d6kologische und ergonomische Dose. Anwendung Stellen Sie den [&hellip;]<\/p>\n","protected":false},"author":1,"featured_media":7312,"parent":7259,"menu_order":8,"comment_status":"closed","ping_status":"closed","template":"product-page.php","meta":{"_acf_changed":false,"inline_featured_image":false,"footnotes":""},"class_list":["post-10312","page","type-page","status-publish","has-post-thumbnail","hentry"],"acf":[],"_links":{"self":[{"href":"https:\/\/xenum.com\/de\/wp-json\/wp\/v2\/pages\/10312","targetHints":{"allow":["GET"]}}],"collection":[{"href":"https:\/\/xenum.com\/de\/wp-json\/wp\/v2\/pages"}],"about":[{"href":"https:\/\/xenum.com\/de\/wp-json\/wp\/v2\/types\/page"}],"author":[{"embeddable":true,"href":"https:\/\/xenum.com\/de\/wp-json\/wp\/v2\/users\/1"}],"replies":[{"embeddable":true,"href":"https:\/\/xenum.com\/de\/wp-json\/wp\/v2\/comments?post=10312"}],"version-history":[{"count":1,"href":"https:\/\/xenum.com\/de\/wp-json\/wp\/v2\/pages\/10312\/revisions"}],"predecessor-version":[{"id":10313,"href":"https:\/\/xenum.com\/de\/wp-json\/wp\/v2\/pages\/10312\/revisions\/10313"}],"up":[{"embeddable":true,"href":"https:\/\/xenum.com\/de\/wp-json\/wp\/v2\/pages\/7259"}],"wp:featuredmedia":[{"embeddable":true,"href":"https:\/\/xenum.com\/de\/wp-json\/wp\/v2\/media\/7312"}],"wp:attachment":[{"href":"https:\/\/xenum.com\/de\/wp-json\/wp\/v2\/media?parent=10312"}],"curies":[{"name":"wp","href":"https:\/\/api.w.org\/{rel}","templated":true}]}}