{"id":10310,"date":"2021-08-11T12:37:29","date_gmt":"2021-08-11T12:37:29","guid":{"rendered":"https:\/\/xenum.com\/?page_id=10310"},"modified":"2021-08-11T12:37:29","modified_gmt":"2021-08-11T12:37:29","slug":"clean-wheels","status":"publish","type":"page","link":"https:\/\/xenum.com\/de\/startseite\/produkte\/wartung\/auto-detaillierung\/clean-wheels\/","title":{"rendered":"Clean Wheels"},"content":{"rendered":"<p>Clean Wheels\u2122 ist ein leistungsstarker Felgenreiniger, der schnell und effizient Bremsstaub, Fett und anderen Schmutz entfernt. Geeignet f\u00fcr Stahl-, Magnesium- und Leichtmetallr\u00e4der sowie Kunststoffradkappen. Nicht geeignet f\u00fcr nicht beschichtete polierte Aluminium-, Edelstahl- oder Chromfelgen.<\/p>\n<h2><strong>Eigenschaften<\/strong><\/h2>\n<ul>\n<li>Sicher auf fast allen Felgenarten.<\/li>\n<li>Entfernt Bremsstaub.<\/li>\n<li>Schnelle Wirkung.<\/li>\n<li>Entfernt Schmutz und Ablagerungen von Reifen.<\/li>\n<li>Leicht aufzutragen.<\/li>\n<li>Professionelle Formel.<\/li>\n<li>\u00d6kologische und ergonomische Dose<\/li>\n<\/ul>\n<h2><strong>Anwendung<\/strong><\/h2>\n<p>Gleichm\u00e4\u00dfig auf das Rad aufspr\u00fchen und einige Minuten einwirken lassen. Stark verschmutzte Stellen mit einer B\u00fcrste oder einem Schwamm abreiben. Mit einem kr\u00e4ftigen Wasserstrahl absp\u00fclen. Nicht auf hei\u00dfen Oberfl\u00e4chen anwenden.<\/p>\n<h3><strong>Verpackung<\/strong><\/h3>\n<p>750 ml Dose (6 x 750 ml\/Karton) - REF. 1945750<\/p>\n","protected":false},"excerpt":{"rendered":"<p>Clean Wheels\u2122 ist ein leistungsstarker Felgenreiniger, der schnell und effizient Bremsstaub, Fett und anderen Schmutz entfernt. Geeignet f\u00fcr Stahl-, Magnesium- und Leichtmetallr\u00e4der sowie Kunststoffradkappen. Nicht geeignet f\u00fcr nicht beschichtete polierte Aluminium-, Edelstahl- oder Chromfelgen. Eigenschaften Sicher auf fast allen Felgenarten. Entfernt Bremsstaub. Schnelle Wirkung. Entfernt Schmutz und Ablagerungen von Reifen. Leicht aufzutragen. Professionelle Formel. \u00d6kologische [&hellip;]<\/p>\n","protected":false},"author":1,"featured_media":7311,"parent":7259,"menu_order":7,"comment_status":"closed","ping_status":"closed","template":"product-page.php","meta":{"_acf_changed":false,"inline_featured_image":false,"footnotes":""},"class_list":["post-10310","page","type-page","status-publish","has-post-thumbnail","hentry"],"acf":[],"_links":{"self":[{"href":"https:\/\/xenum.com\/de\/wp-json\/wp\/v2\/pages\/10310","targetHints":{"allow":["GET"]}}],"collection":[{"href":"https:\/\/xenum.com\/de\/wp-json\/wp\/v2\/pages"}],"about":[{"href":"https:\/\/xenum.com\/de\/wp-json\/wp\/v2\/types\/page"}],"author":[{"embeddable":true,"href":"https:\/\/xenum.com\/de\/wp-json\/wp\/v2\/users\/1"}],"replies":[{"embeddable":true,"href":"https:\/\/xenum.com\/de\/wp-json\/wp\/v2\/comments?post=10310"}],"version-history":[{"count":1,"href":"https:\/\/xenum.com\/de\/wp-json\/wp\/v2\/pages\/10310\/revisions"}],"predecessor-version":[{"id":10311,"href":"https:\/\/xenum.com\/de\/wp-json\/wp\/v2\/pages\/10310\/revisions\/10311"}],"up":[{"embeddable":true,"href":"https:\/\/xenum.com\/de\/wp-json\/wp\/v2\/pages\/7259"}],"wp:featuredmedia":[{"embeddable":true,"href":"https:\/\/xenum.com\/de\/wp-json\/wp\/v2\/media\/7311"}],"wp:attachment":[{"href":"https:\/\/xenum.com\/de\/wp-json\/wp\/v2\/media?parent=10310"}],"curies":[{"name":"wp","href":"https:\/\/api.w.org\/{rel}","templated":true}]}}