{"id":10306,"date":"2021-08-11T11:32:23","date_gmt":"2021-08-11T11:32:23","guid":{"rendered":"https:\/\/xenum.com\/?page_id=10306"},"modified":"2021-08-11T11:33:20","modified_gmt":"2021-08-11T11:33:20","slug":"crystal-clear","status":"publish","type":"page","link":"https:\/\/xenum.com\/de\/startseite\/produkte\/wartung\/auto-detaillierung\/crystal-clear\/","title":{"rendered":"Crystal Clear"},"content":{"rendered":"<p>Crystal Clear\u2122 ist ein effizienter und leistungsstarker Reiniger f\u00fcr Glasfl\u00e4chen im Innen- und Au\u00dfenbereich. Hinterl\u00e4sst keine Schlieren.<\/p>\n<h2><strong>Eigenschaften<\/strong><\/h2>\n<ul>\n<li>Multi-Oberfl\u00e4che (harte Oberfl\u00e4chen).<\/li>\n<li>Schlierenfreies Ergebnis.<\/li>\n<li>Schnelle Wirkung.<\/li>\n<li>Angenehmes Parf\u00fcm.<\/li>\n<li>Leicht aufzutragen.<\/li>\n<li>Professionelle Formel.<\/li>\n<li>\u00d6kologische und ergonomische Dose<\/li>\n<\/ul>\n<h2><strong>Anwendung<\/strong><\/h2>\n<p>Direkt auf Glas oder die zu reinigende Oberfl\u00e4che spr\u00fchen. F\u00fcr ein trockenes und streifenfreies Ergebnis mit einem sauberen und trockenen Tuch oder Mikrofaser abwischen.<\/p>\n<h3><strong>Verpackung<\/strong><\/h3>\n<p>750 ml Dose (6 x 750 ml\/Karton) - REF. 1990750<\/p>\n","protected":false},"excerpt":{"rendered":"<p>Crystal Clear\u2122 ist ein effizienter und leistungsstarker Reiniger f\u00fcr Glasfl\u00e4chen im Innen- und Au\u00dfenbereich. Hinterl\u00e4sst keine Schlieren. Eigenschaften Multi-Oberfl\u00e4che (harte Oberfl\u00e4chen). Schlierenfreies Ergebnis. Schnelle Wirkung. Angenehmes Parf\u00fcm. Leicht aufzutragen. Professionelle Formel. \u00d6kologische und ergonomische Dose Anwendung Direkt auf Glas oder die zu reinigende Oberfl\u00e4che spr\u00fchen. F\u00fcr ein trockenes und streifenfreies Ergebnis mit einem sauberen und [&hellip;]<\/p>\n","protected":false},"author":1,"featured_media":7310,"parent":7259,"menu_order":6,"comment_status":"closed","ping_status":"closed","template":"product-page.php","meta":{"_acf_changed":false,"inline_featured_image":false,"footnotes":""},"class_list":["post-10306","page","type-page","status-publish","has-post-thumbnail","hentry"],"acf":[],"_links":{"self":[{"href":"https:\/\/xenum.com\/de\/wp-json\/wp\/v2\/pages\/10306","targetHints":{"allow":["GET"]}}],"collection":[{"href":"https:\/\/xenum.com\/de\/wp-json\/wp\/v2\/pages"}],"about":[{"href":"https:\/\/xenum.com\/de\/wp-json\/wp\/v2\/types\/page"}],"author":[{"embeddable":true,"href":"https:\/\/xenum.com\/de\/wp-json\/wp\/v2\/users\/1"}],"replies":[{"embeddable":true,"href":"https:\/\/xenum.com\/de\/wp-json\/wp\/v2\/comments?post=10306"}],"version-history":[{"count":2,"href":"https:\/\/xenum.com\/de\/wp-json\/wp\/v2\/pages\/10306\/revisions"}],"predecessor-version":[{"id":10308,"href":"https:\/\/xenum.com\/de\/wp-json\/wp\/v2\/pages\/10306\/revisions\/10308"}],"up":[{"embeddable":true,"href":"https:\/\/xenum.com\/de\/wp-json\/wp\/v2\/pages\/7259"}],"wp:featuredmedia":[{"embeddable":true,"href":"https:\/\/xenum.com\/de\/wp-json\/wp\/v2\/media\/7310"}],"wp:attachment":[{"href":"https:\/\/xenum.com\/de\/wp-json\/wp\/v2\/media?parent=10306"}],"curies":[{"name":"wp","href":"https:\/\/api.w.org\/{rel}","templated":true}]}}