{"id":10295,"date":"2021-08-11T11:11:12","date_gmt":"2021-08-11T11:11:12","guid":{"rendered":"https:\/\/xenum.com\/?page_id=10295"},"modified":"2021-08-11T11:11:12","modified_gmt":"2021-08-11T11:11:12","slug":"x-shine-polish","status":"publish","type":"page","link":"https:\/\/xenum.com\/de\/startseite\/produkte\/wartung\/auto-detaillierung\/x-shine-polish\/","title":{"rendered":"X-Shine Polish"},"content":{"rendered":"<p>X-Shine Polish\u2122 ist eine Finish-Politur, die Ihren Lack gr\u00fcndlich reinigt und ein gl\u00e4nzendes Ergebnis erzielt. Entfernt Verschmutzungen und Reste von Harzen und sorgt f\u00fcr ein ultragl\u00e4nzendes Finish. Hochwertige Wachse sorgen f\u00fcr dauerhaften Schutz.<\/p>\n<h2><strong>Eigenschaften<\/strong><\/h2>\n<ul>\n<li>Lang anhaltender Schutz.<\/li>\n<li>Reinigt sanft.<\/li>\n<li>Gl\u00e4nzende Beschichtung.<\/li>\n<li>Ultra-Glanz.<\/li>\n<li>Professionelle Formel.<\/li>\n<li>\u00d6kologische Dose.<\/li>\n<\/ul>\n<h2><strong>Anwendung<\/strong><\/h2>\n<p>Gleichm\u00e4\u00dfig mit kleinen kreisenden Bewegungen auftragen. Wiederholen Sie den Vorgang, bis das gew\u00fcnschte Ergebnis erreicht ist. Mit einer weichen Mikrofaser polieren.<\/p>\n<h3><strong>Verpackung<\/strong><br \/>\n500 ml Dose (6 x 750 ml\/Karton) - REF. 1938500<\/h3>\n","protected":false},"excerpt":{"rendered":"<p>X-Shine Polish\u2122 ist eine Finish-Politur, die Ihren Lack gr\u00fcndlich reinigt und ein gl\u00e4nzendes Ergebnis erzielt. Entfernt Verschmutzungen und Reste von Harzen und sorgt f\u00fcr ein ultragl\u00e4nzendes Finish. Hochwertige Wachse sorgen f\u00fcr dauerhaften Schutz. Eigenschaften Lang anhaltender Schutz. Reinigt sanft. Gl\u00e4nzende Beschichtung. Ultra-Glanz. Professionelle Formel. \u00d6kologische Dose. Anwendung Gleichm\u00e4\u00dfig mit kleinen kreisenden Bewegungen auftragen. Wiederholen Sie [&hellip;]<\/p>\n","protected":false},"author":1,"featured_media":7306,"parent":7259,"menu_order":1,"comment_status":"closed","ping_status":"closed","template":"product-page.php","meta":{"_acf_changed":false,"inline_featured_image":false,"footnotes":""},"class_list":["post-10295","page","type-page","status-publish","has-post-thumbnail","hentry"],"acf":[],"_links":{"self":[{"href":"https:\/\/xenum.com\/de\/wp-json\/wp\/v2\/pages\/10295","targetHints":{"allow":["GET"]}}],"collection":[{"href":"https:\/\/xenum.com\/de\/wp-json\/wp\/v2\/pages"}],"about":[{"href":"https:\/\/xenum.com\/de\/wp-json\/wp\/v2\/types\/page"}],"author":[{"embeddable":true,"href":"https:\/\/xenum.com\/de\/wp-json\/wp\/v2\/users\/1"}],"replies":[{"embeddable":true,"href":"https:\/\/xenum.com\/de\/wp-json\/wp\/v2\/comments?post=10295"}],"version-history":[{"count":1,"href":"https:\/\/xenum.com\/de\/wp-json\/wp\/v2\/pages\/10295\/revisions"}],"predecessor-version":[{"id":10296,"href":"https:\/\/xenum.com\/de\/wp-json\/wp\/v2\/pages\/10295\/revisions\/10296"}],"up":[{"embeddable":true,"href":"https:\/\/xenum.com\/de\/wp-json\/wp\/v2\/pages\/7259"}],"wp:featuredmedia":[{"embeddable":true,"href":"https:\/\/xenum.com\/de\/wp-json\/wp\/v2\/media\/7306"}],"wp:attachment":[{"href":"https:\/\/xenum.com\/de\/wp-json\/wp\/v2\/media?parent=10295"}],"curies":[{"name":"wp","href":"https:\/\/api.w.org\/{rel}","templated":true}]}}