{"id":10293,"date":"2021-08-11T10:30:49","date_gmt":"2021-08-11T10:30:49","guid":{"rendered":"https:\/\/xenum.com\/?page_id=10293"},"modified":"2021-08-11T10:30:49","modified_gmt":"2021-08-11T10:30:49","slug":"xtreme-polish","status":"publish","type":"page","link":"https:\/\/xenum.com\/de\/startseite\/produkte\/wartung\/auto-detaillierung\/xtreme-polish\/","title":{"rendered":"Xtreme Polish"},"content":{"rendered":"<p>Xtreme Polish\u2122 \u00fcberzieht den Lack mit einer stabilen und dauerhaft gl\u00e4nzenden Schutzschicht und sch\u00fctzt ihn so vor Umwelteinfl\u00fcssen. Das Ergebnis ist eine sanfte Gl\u00e4tte, brillanter Tiefenglanz und eine hervorragende wasserabweisende Wirkung. Dank der einzigartigen EASY-TO-CLEAN-Formel wird die k\u00fcnftige Pflege wesentlich einfacher. Die innovative NANOPUR\u00ae-HYBRID-Technologie sorgt f\u00fcr eine Versiegelung und einen Langzeit-Spiegeleffekt \u00fcber Monate hinweg. Besonders einfach in der Anwendung. Hinterl\u00e4sst keine hartn\u00e4ckigen wei\u00dfen Flecken oder Schlieren auf Kunststoffteilen.<\/p>\n<h2><strong>Eigenschaften<\/strong><\/h2>\n<ul>\n<li>Lang anhaltender Schutz.<\/li>\n<li>Lang anhaltende, brillante Tiefenbeschichtung.<\/li>\n<li>Wasserabweisend.<\/li>\n<li>UV-Schutz.<\/li>\n<li>Leicht zu reinigende Oberfl\u00e4che.<\/li>\n<li>Inklusive Mikrofaser-Poliertuch.<\/li>\n<li>Professionelle Formel.<\/li>\n<li>\u00d6kologische Dose<\/li>\n<\/ul>\n<h2><strong>Anwendung<\/strong><\/h2>\n<p>Waschen und trocknen Sie die Farbe. Vor Gebrauch gut sch\u00fctteln. Teile des Fahrzeugs einspr\u00fchen und mit einem weichen Tuch gleichm\u00e4\u00dfig verteilen. Anschlie\u00dfend sofort mit einem frischen, weichen Mikrofasertuch auf Hochglanz polieren. Nicht auf hei\u00dfen Oberfl\u00e4chen anwenden. Vor Frost sch\u00fctzen.<\/p>\n<h3><strong>Verpackung<\/strong><\/h3>\n<p>500 ml Dose + Mikrofaser-Poliertuch (6 x 500 ml + 6 x Tuch\/Karton) - REF. 6032500<\/p>\n<p>&nbsp;<\/p>\n","protected":false},"excerpt":{"rendered":"<p>Xtreme Polish\u2122 \u00fcberzieht den Lack mit einer stabilen und dauerhaft gl\u00e4nzenden Schutzschicht und sch\u00fctzt ihn so vor Umwelteinfl\u00fcssen. Das Ergebnis ist eine sanfte Gl\u00e4tte, brillanter Tiefenglanz und eine hervorragende wasserabweisende Wirkung. Dank der einzigartigen EASY-TO-CLEAN-Formel wird die k\u00fcnftige Pflege wesentlich einfacher. Die innovative NANOPUR\u00ae-HYBRID-Technologie sorgt f\u00fcr eine Versiegelung und einen Langzeit-Spiegeleffekt \u00fcber Monate hinweg. Besonders [&hellip;]<\/p>\n","protected":false},"author":1,"featured_media":7305,"parent":7259,"menu_order":2,"comment_status":"closed","ping_status":"closed","template":"product-page.php","meta":{"_acf_changed":false,"inline_featured_image":false,"footnotes":""},"class_list":["post-10293","page","type-page","status-publish","has-post-thumbnail","hentry"],"acf":[],"_links":{"self":[{"href":"https:\/\/xenum.com\/de\/wp-json\/wp\/v2\/pages\/10293","targetHints":{"allow":["GET"]}}],"collection":[{"href":"https:\/\/xenum.com\/de\/wp-json\/wp\/v2\/pages"}],"about":[{"href":"https:\/\/xenum.com\/de\/wp-json\/wp\/v2\/types\/page"}],"author":[{"embeddable":true,"href":"https:\/\/xenum.com\/de\/wp-json\/wp\/v2\/users\/1"}],"replies":[{"embeddable":true,"href":"https:\/\/xenum.com\/de\/wp-json\/wp\/v2\/comments?post=10293"}],"version-history":[{"count":1,"href":"https:\/\/xenum.com\/de\/wp-json\/wp\/v2\/pages\/10293\/revisions"}],"predecessor-version":[{"id":10294,"href":"https:\/\/xenum.com\/de\/wp-json\/wp\/v2\/pages\/10293\/revisions\/10294"}],"up":[{"embeddable":true,"href":"https:\/\/xenum.com\/de\/wp-json\/wp\/v2\/pages\/7259"}],"wp:featuredmedia":[{"embeddable":true,"href":"https:\/\/xenum.com\/de\/wp-json\/wp\/v2\/media\/7305"}],"wp:attachment":[{"href":"https:\/\/xenum.com\/de\/wp-json\/wp\/v2\/media?parent=10293"}],"curies":[{"name":"wp","href":"https:\/\/api.w.org\/{rel}","templated":true}]}}